{"id":790,"date":"2015-07-13T08:10:28","date_gmt":"2015-07-13T08:10:28","guid":{"rendered":"http:\/\/masiasmaquinaria.com\/fr\/privacitat-i-termes-dus\/"},"modified":"2026-03-25T16:21:05","modified_gmt":"2026-03-25T15:21:05","slug":"confidentialite-et-conditions-dutilisation","status":"publish","type":"page","link":"https:\/\/masiasmaquinaria.com\/fr\/confidentialite-et-conditions-dutilisation\/","title":{"rendered":"Politique de confidentialit\u00e9"},"content":{"rendered":"\t\t<div data-elementor-type=\"wp-page\" data-elementor-id=\"790\" class=\"elementor elementor-790 elementor-2\" data-elementor-post-type=\"page\">\n\t\t\t\t\t\t<section class=\"elementor-section elementor-top-section elementor-element elementor-element-3b66349f elementor-section-boxed elementor-section-height-default elementor-section-height-default\" data-id=\"3b66349f\" data-element_type=\"section\">\n\t\t\t\t\t\t<div class=\"elementor-container elementor-column-gap-default\">\n\t\t\t\t\t<div class=\"elementor-column elementor-col-100 elementor-top-column elementor-element elementor-element-19482214\" data-id=\"19482214\" data-element_type=\"column\">\n\t\t\t<div class=\"elementor-widget-wrap elementor-element-populated\">\n\t\t\t\t\t\t<div class=\"elementor-element elementor-element-3349be9b elementor-widget elementor-widget-text-editor\" data-id=\"3349be9b\" data-element_type=\"widget\" data-widget_type=\"text-editor.default\">\n\t\t\t\t<div class=\"elementor-widget-container\">\n\t\t\t\t\t\t\t\t\t<p>MASIAS MAQUINARIA, SL s&rsquo;engage \u00e0 prot\u00e9ger la vie priv\u00e9e des utilisateurs qui acc\u00e8dent \u00e0 ce site web et\/ou \u00e0 l&rsquo;un de ses services. L&rsquo;utilisation du site web et\/ou de l&rsquo;un des services propos\u00e9s par MASIAS MAQUINARIA, SL implique l&rsquo;acceptation par l&rsquo;utilisateur des dispositions contenues dans la pr\u00e9sente Politique de confidentialit\u00e9 et le traitement de ses donn\u00e9es personnelles conform\u00e9ment aux dispositions qui y sont stipul\u00e9es. Veuillez noter que, bien que notre site web puisse contenir des liens vers d&rsquo;autres sites web, la pr\u00e9sente Politique de confidentialit\u00e9 ne s&rsquo;applique pas aux sites web d&rsquo;autres entreprises ou organisations vers lesquels le site web peut rediriger. MASIAS MAQUINARIA, SL ne contr\u00f4le pas le contenu des sites web tiers et n&rsquo;assume aucune responsabilit\u00e9 quant au contenu ou aux politiques de confidentialit\u00e9 de ces sites web.<br \/>Informations relatives au traitement des donn\u00e9es (R\u00e8glement (UE) 2016\/679 et LO 3\/2018)<br \/>Responsable du traitement : MASIAS MAQUINARIA, SL<br \/>Num\u00e9ro d&rsquo;identification fiscale : B17479809<br \/>Adresse : Major Santa Magdalena, 1 17857 Sant Joan Les Fonts<br \/>E-mail : compliance@masias.comFinalit\u00e9 du traitement Fournir et g\u00e9rer nos services de production de machines industrielles.<br \/>L\u00e9gitimit\u00e9 &#8211; Consentement obtenu de la personne concern\u00e9e lorsqu&rsquo;elle nous demande des informations. &#8211; Ex\u00e9cution du contrat de service lorsqu&rsquo;elle passe un contrat avec nous.Destinataires : Les donn\u00e9es ne seront pas communiqu\u00e9es \u00e0 des tiers, sauf si la loi l&rsquo;exige ou si cela est n\u00e9cessaire pour atteindre la finalit\u00e9 du traitement.<br \/>Droits des personnes concern\u00e9es : Les personnes concern\u00e9es ont le droit d&rsquo;exercer leurs droits d&rsquo;acc\u00e8s, de rectification, de limitation du traitement, d&rsquo;effacement, de portabilit\u00e9 et d&rsquo;opposition en envoyant leur demande \u00e0 notre adresse.Dur\u00e9e de conservation des donn\u00e9es Pendant toute la dur\u00e9e de la relation commerciale ou pendant les ann\u00e9es n\u00e9cessaires au respect des obligations l\u00e9gales.<br \/>R\u00e9clamation Les personnes concern\u00e9es peuvent s&rsquo;adresser \u00e0 l&rsquo;AEPD pour d\u00e9poser toute r\u00e9clamation qu&rsquo;elles jugent appropri\u00e9e.Informations compl\u00e9mentaires Vous trouverez des informations suppl\u00e9mentaires et d\u00e9taill\u00e9es ci-dessous dans la section \u00ab Questions de confidentialit\u00e9 \u00bb.<br \/>Questions de confidentialit\u00e9<br \/>Conform\u00e9ment au r\u00e8glement (UE) 2016\/679 du Parlement europ\u00e9en et du Conseil du 27 avril 2016, (RGPD) et de la loi organique 3\/2018 du 5 d\u00e9cembre relative \u00e0 la protection des donn\u00e9es \u00e0 caract\u00e8re personnel et \u00e0 la garantie des droits num\u00e9riques (LOPDGDD), nous vous fournissons les informations suivantes concernant le traitement de vos donn\u00e9es \u00e0 caract\u00e8re personnel :<br \/>Qui est le responsable du traitement de vos donn\u00e9es ?<br \/>Identit\u00e9 : MASIAS MAQUINARIA, SL<br \/>Num\u00e9ro d&rsquo;identification fiscale : B17479809<br \/>Adresse : Major Santa Magdalena, 1 17857 Sant Joan Les Fonts<br \/>T\u00e9l. : 972 29 31 50E-mail : compliance@masias.com<br \/>\u00c0 quelles fins traitons-nous vos donn\u00e9es \u00e0 caract\u00e8re personnel ?<br \/>\u00a7 Nous traitons les informations que vous nous fournissez afin de g\u00e9rer nos services de production de machines industrielles.<br \/>\u00a7 Si vous nous contactez via le formulaire de contact de notre site web, nous traiterons vos donn\u00e9es afin de g\u00e9rer votre demande.<br \/>\u00a7 Nous pouvons \u00e9galement utiliser vos donn\u00e9es pour vous informer de nos activit\u00e9s, produits ou services lorsque vous \u00eates d\u00e9j\u00e0 client ou, si vous ne l&rsquo;\u00eates pas, lorsque vous nous avez donn\u00e9 votre consentement \u00e0 cet effet.<br \/>\u00a7 Lorsque vous acc\u00e9dez \u00e0 nos locaux, votre image peut \u00eatre enregistr\u00e9e par des cam\u00e9ras de vid\u00e9osurveillance \u00e0 des fins de s\u00e9curit\u00e9.<br \/><br \/>\u00a7 Si vous nous envoyez un CV, nous traiterons ces donn\u00e9es afin de g\u00e9rer notre base de donn\u00e9es de CV \u00e0 des fins de recrutement. Combien de temps conserverons-nous vos donn\u00e9es ?<br \/>\u00a7 Les donn\u00e9es \u00e0 caract\u00e8re personnel fournies seront conserv\u00e9es tant que vous serez utilisateur de nos services ou que vous souhaiterez recevoir des informations, car vous pouvez vous opposer au traitement de vos donn\u00e9es \u00e0 des fins promotionnelles au moment o\u00f9 vous nous les fournissez ou \u00e0 tout moment par la suite, en nous en informant \u00e0 l&rsquo;adresse compliance@masias.com,<br \/>et par la suite, pendant les dur\u00e9es fix\u00e9es pour respecter nos obligations l\u00e9gales, qui, dans le cas de la documentation comptable et fiscale \u00e0 des fins commerciales, seront de 6 ans, conform\u00e9ment \u00e0 l&rsquo;article 30 du Code de commerce, et \u00e0 des fins fiscales, de 4 ans, conform\u00e9ment aux articles 66 \u00e0 70 de la Loi g\u00e9n\u00e9rale fiscale.<br \/>\u00a7 Les images captur\u00e9es par le syst\u00e8me de vid\u00e9osurveillance seront conserv\u00e9es pendant un mois.<br \/>\u00a7 Dans le cas des CV, les donn\u00e9es seront conserv\u00e9es pendant un an. Quelle est la base juridique du traitement de vos donn\u00e9es ?<br \/>Pour la gestion de la relation contractuelle avec la personne concern\u00e9e, nous fonderons le traitement des donn\u00e9es sur l&rsquo;ex\u00e9cution du contrat ou dans le cadre de relations pr\u00e9contractuelles. <br \/>Pour l&rsquo;envoi d&rsquo;informations commerciales, nous fonderons le traitement sur votre consentement, bien que si vous \u00eates d\u00e9j\u00e0 notre client, nous puissions vous envoyer des informations sur nos produits et services, en vous fournissant toujours un moyen simple et gratuit de vous d\u00e9sabonner, conform\u00e9ment aux dispositions de l&rsquo;article 21.2 de la loi 34\/2002,<br \/>du 11 juillet, relative aux services de la soci\u00e9t\u00e9 de l&rsquo;information et au commerce \u00e9lectronique.<br \/>En ce qui concerne la collecte de donn\u00e9es issues de la capture d&rsquo;images par le syst\u00e8me de vid\u00e9osurveillance, l&rsquo;int\u00e9r\u00eat l\u00e9gitime \u00e0 pr\u00e9server la s\u00e9curit\u00e9 des personnes et des biens constitue la base juridique. \u00c0 quels destinataires vos donn\u00e9es seront-elles communiqu\u00e9es ?<br \/>Les donn\u00e9es ne seront pas communiqu\u00e9es \u00e0 des tiers, sauf si la loi l&rsquo;exige ou si cela est n\u00e9cessaire aux fins du traitement.<br \/><br \/>Quels sont vos droits lorsque vous nous fournissez vos donn\u00e9es ?<br \/>\u00a7 Toute personne a le droit d&rsquo;obtenir la confirmation que nous traitons ou non ses donn\u00e9es \u00e0 caract\u00e8re personnel.<br \/>\u00a7 Les personnes concern\u00e9es ont le droit d&rsquo;acc\u00e9der \u00e0 leurs donn\u00e9es \u00e0 caract\u00e8re personnel, ainsi que de demander la rectification des donn\u00e9es inexactes ou, le cas \u00e9ch\u00e9ant, d&rsquo;en demander l&rsquo;effacement lorsque, entre autres raisons, les donn\u00e9es ne sont plus n\u00e9cessaires aux fins pour lesquelles elles ont \u00e9t\u00e9 collect\u00e9es.<br \/>\u00a7 Dans certaines circonstances, les personnes concern\u00e9es peuvent demander la limitation du traitement de leurs donn\u00e9es ; dans ce cas, nous ne les conserverons que pour l&rsquo;exercice ou la d\u00e9fense de droits.<br \/>\u00a7 De m\u00eame, dans certaines circonstances et pour des raisons li\u00e9es \u00e0 leur situation particuli\u00e8re, les personnes concern\u00e9es peuvent s&rsquo;opposer au traitement de leurs donn\u00e9es. Dans ce cas, nous cesserons de les traiter, sauf pour des motifs l\u00e9gitimes et imp\u00e9rieux ou pour la constatation, l&rsquo;exercice ou la d\u00e9fense d&rsquo;\u00e9ventuelles r\u00e9clamations.<br \/>\u00a7 Les personnes concern\u00e9es ont \u00e9galement le droit \u00e0 la portabilit\u00e9 de leurs donn\u00e9es.\u00a7 Toute personne concern\u00e9e a le droit de ne pas faire l&rsquo;objet d&rsquo;une d\u00e9cision fond\u00e9e exclusivement sur un traitement automatis\u00e9, y compris le profilage, qui produit des effets juridiques la concernant ou qui l&rsquo;affecte de mani\u00e8re significative de fa\u00e7on similaire.<br \/><br \/>\u00a7 Enfin, les personnes concern\u00e9es ont le droit d&rsquo;introduire une r\u00e9clamation aupr\u00e8s de l&rsquo;autorit\u00e9 de contr\u00f4le comp\u00e9tente.Comment pouvez-vous exercer vos droits ?<br \/>En nous envoyant une demande \u00e9crite, accompagn\u00e9e d&rsquo;une copie d&rsquo;un document prouvant votre identit\u00e9, \u00e0 notre adresse postale ou \u00e9lectronique.Comment avons-nous obtenu vos donn\u00e9es ?<br \/>Les donn\u00e9es \u00e0 caract\u00e8re personnel que nous traitons proviennent de la personne concern\u00e9e, qui garantit l&rsquo;exactitude des donn\u00e9es fournies et est tenue de nous signaler tout changement. Les donn\u00e9es marqu\u00e9es d&rsquo;un ast\u00e9risque sont obligatoires pour fournir le service demand\u00e9.Quelles donn\u00e9es traitons-nous ?<br \/>Les cat\u00e9gories de donn\u00e9es que nous pouvons traiter sont les suivantes :<br \/>\u00a7 Donn\u00e9es d&rsquo;identification<br \/>\u00a7 Adresses postales ou \u00e9lectroniques<br \/>Dans le cas du syst\u00e8me de vid\u00e9osurveillance :<br \/>\u00a7 Image<br \/><br \/>Dans le cas des CV, \u00e9galement :\u00a7 Caract\u00e9ristiques personnelles<br \/>\u00a7 Donn\u00e9es acad\u00e9miques et professionnelles<br \/>Les donn\u00e9es sont limit\u00e9es, car nous ne traitons que les donn\u00e9es n\u00e9cessaires \u00e0 la fourniture de nos services et \u00e0 la gestion de notre activit\u00e9.Effectuons-nous des transferts internationaux de donn\u00e9es ?<br \/><br \/>Pour l&rsquo;envoi de communications commerciales, nous utilisons le service MailChimp, fourni par The Rocket Science Group, LLC, bas\u00e9 aux \u00c9tats-Unis. Le transfert international de donn\u00e9es repose sur les clauses contractuelles types pour les sous-traitants approuv\u00e9es par la Commission europ\u00e9enne,<br \/>et la d\u00e9cision d&rsquo;ex\u00e9cution de la Commission du 10 juillet 2023 prise en application du r\u00e8glement (UE) 2016\/679 du Parlement europ\u00e9en et du Conseil concernant le niveau de protection ad\u00e9quat des donn\u00e9es \u00e0 caract\u00e8re personnel dans le cadre du cadre de protection des donn\u00e9es UE-\u00c9tats-Unis.<br \/>L&rsquo;utilisation des cookies de Google Analytics (y compris les cookies YouTube) implique un transfert de donn\u00e9es vers ces soci\u00e9t\u00e9s situ\u00e9es aux \u00c9tats-Unis d&rsquo;Am\u00e9rique, Les \u00c9tats-Unis et l&rsquo;Union europ\u00e9enne ont conclu un accord-cadre sur la protection de la vie priv\u00e9e approuv\u00e9 par la d\u00e9cision d&rsquo;ex\u00e9cution de la Commission du 10 juillet 2023 conform\u00e9ment au r\u00e8glement (UE) 2016\/679 du Parlement europ\u00e9en et du Conseil. Vous trouverez plus d&rsquo;informations dans la politique de confidentialit\u00e9 de Google.<br \/>Utilisons-nous des cookies ?<br \/>Nous utilisons des cookies lorsque vous naviguez sur notre site web avec votre consentement.<br \/>Vous pouvez configurer votre navigateur pour qu&rsquo;il vous avertisse de l&rsquo;utilisation de cookies et pour emp\u00eacher leur utilisation. Veuillez consulter notre politique en mati\u00e8re de cookies.<br \/><br \/>Quelles mesures de s\u00e9curit\u00e9 appliquons-nous ?<br \/>Nous appliquons les mesures de s\u00e9curit\u00e9 pr\u00e9vues \u00e0 l&rsquo;article 32 du RGPD ; en cons\u00e9quence, nous avons adopt\u00e9 les mesures de s\u00e9curit\u00e9 n\u00e9cessaires pour garantir un niveau de s\u00e9curit\u00e9 adapt\u00e9 au risque li\u00e9 au traitement des donn\u00e9es que nous effectuons, avec des m\u00e9canismes qui nous permettent de garantir la confidentialit\u00e9, l&rsquo;int\u00e9grit\u00e9, la disponibilit\u00e9 et la r\u00e9silience continue de nos syst\u00e8mes et services de traitement.<br \/>Voici quelques-unes de ces mesures :<br \/>\u00a7 Fournir au personnel des informations sur les politiques de traitement des donn\u00e9es.<br \/>\u00a7 Effectuer des sauvegardes p\u00e9riodiques.<br \/>\u00a7 Contr\u00f4ler l&rsquo;acc\u00e8s aux donn\u00e9es.\u00a7 Mise en place de processus r\u00e9guliers de v\u00e9rification, d&rsquo;analyse et d&rsquo;\u00e9valuation.<br \/>Comment traitons-nous les donn\u00e9es pour le compte de tiers ?<br \/>Le type de donn\u00e9es, la cat\u00e9gorie des personnes concern\u00e9es et le traitement que nous pouvons effectuer pour le compte de nos clients seront d\u00e9finis dans le contrat de sous-traitance correspondant.<\/p>\t\t\t\t\t\t\t\t<\/div>\n\t\t\t\t<\/div>\n\t\t\t\t\t<\/div>\n\t\t<\/div>\n\t\t\t\t\t<\/div>\n\t\t<\/section>\n\t\t\t\t<\/div>\n\t\t","protected":false},"excerpt":{"rendered":"<p>MASIAS MAQUINARIA, SL s&rsquo;engage \u00e0 prot\u00e9ger la vie priv\u00e9e des utilisateurs qui acc\u00e8dent \u00e0 ce site web et\/ou \u00e0 l&rsquo;un de ses services. L&rsquo;utilisation du site web et\/ou de l&rsquo;un des services propos\u00e9s par MASIAS MAQUINARIA, SL implique l&rsquo;acceptation par l&rsquo;utilisateur des dispositions contenues dans la pr\u00e9sente Politique de confidentialit\u00e9 et le traitement de ses [&hellip;]<\/p>\n","protected":false},"author":2,"featured_media":0,"parent":0,"menu_order":83,"comment_status":"open","ping_status":"closed","template":"","meta":{"om_disable_all_campaigns":false,"_monsterinsights_skip_tracking":false,"_monsterinsights_sitenote_active":false,"_monsterinsights_sitenote_note":"","_monsterinsights_sitenote_category":0,"footnotes":""},"class_list":["post-790","page","type-page","status-publish","hentry"],"yoast_head":"<!-- This site is optimized with the Yoast SEO plugin v27.2 - https:\/\/yoast.com\/product\/yoast-seo-wordpress\/ -->\n<title>Politique de confidentialit\u00e9 - Masias Maquinaria<\/title>\n<meta name=\"robots\" content=\"noindex, nofollow\" \/>\n<meta property=\"og:locale\" content=\"fr_FR\" \/>\n<meta property=\"og:type\" content=\"article\" \/>\n<meta property=\"og:title\" content=\"Politique de confidentialit\u00e9 - Masias Maquinaria\" \/>\n<meta property=\"og:description\" content=\"MASIAS MAQUINARIA, SL s&rsquo;engage \u00e0 prot\u00e9ger la vie priv\u00e9e des utilisateurs qui acc\u00e8dent \u00e0 ce site web et\/ou \u00e0 l&rsquo;un de ses services. L&rsquo;utilisation du site web et\/ou de l&rsquo;un des services propos\u00e9s par MASIAS MAQUINARIA, SL implique l&rsquo;acceptation par l&rsquo;utilisateur des dispositions contenues dans la pr\u00e9sente Politique de confidentialit\u00e9 et le traitement de ses [&hellip;]\" \/>\n<meta property=\"og:url\" content=\"https:\/\/masiasmaquinaria.com\/fr\/confidentialite-et-conditions-dutilisation\/\" \/>\n<meta property=\"og:site_name\" content=\"Masias Maquinaria\" \/>\n<meta property=\"article:modified_time\" content=\"2026-03-25T15:21:05+00:00\" \/>\n<meta name=\"twitter:card\" content=\"summary_large_image\" \/>\n<meta name=\"twitter:label1\" content=\"Dur\u00e9e de lecture estim\u00e9e\" \/>\n\t<meta name=\"twitter:data1\" content=\"5 minutes\" \/>\n<script type=\"application\/ld+json\" class=\"yoast-schema-graph\">{\"@context\":\"https:\/\/schema.org\",\"@graph\":[{\"@type\":\"WebPage\",\"@id\":\"https:\/\/masiasmaquinaria.com\/fr\/confidentialite-et-conditions-dutilisation\/\",\"url\":\"https:\/\/masiasmaquinaria.com\/fr\/confidentialite-et-conditions-dutilisation\/\",\"name\":\"Politique de confidentialit\u00e9 - Masias Maquinaria\",\"isPartOf\":{\"@id\":\"https:\/\/masiasmaquinaria.com\/#website\"},\"datePublished\":\"2015-07-13T08:10:28+00:00\",\"dateModified\":\"2026-03-25T15:21:05+00:00\",\"breadcrumb\":{\"@id\":\"https:\/\/masiasmaquinaria.com\/fr\/confidentialite-et-conditions-dutilisation\/#breadcrumb\"},\"inLanguage\":\"fr-FR\",\"potentialAction\":[{\"@type\":\"ReadAction\",\"target\":[\"https:\/\/masiasmaquinaria.com\/fr\/confidentialite-et-conditions-dutilisation\/\"]}]},{\"@type\":\"BreadcrumbList\",\"@id\":\"https:\/\/masiasmaquinaria.com\/fr\/confidentialite-et-conditions-dutilisation\/#breadcrumb\",\"itemListElement\":[{\"@type\":\"ListItem\",\"position\":1,\"name\":\"Inici\",\"item\":\"https:\/\/masiasmaquinaria.com\/\"},{\"@type\":\"ListItem\",\"position\":2,\"name\":\"Politique de confidentialit\u00e9\"}]},{\"@type\":\"WebSite\",\"@id\":\"https:\/\/masiasmaquinaria.com\/#website\",\"url\":\"https:\/\/masiasmaquinaria.com\/\",\"name\":\"Masias Maquinaria\",\"description\":\"Fiber filling technologies\",\"publisher\":{\"@id\":\"https:\/\/masiasmaquinaria.com\/#organization\"},\"potentialAction\":[{\"@type\":\"SearchAction\",\"target\":{\"@type\":\"EntryPoint\",\"urlTemplate\":\"https:\/\/masiasmaquinaria.com\/?s={search_term_string}\"},\"query-input\":{\"@type\":\"PropertyValueSpecification\",\"valueRequired\":true,\"valueName\":\"search_term_string\"}}],\"inLanguage\":\"fr-FR\"},{\"@type\":\"Organization\",\"@id\":\"https:\/\/masiasmaquinaria.com\/#organization\",\"name\":\"Masias Maquinaria\",\"url\":\"https:\/\/masiasmaquinaria.com\/\",\"logo\":{\"@type\":\"ImageObject\",\"inLanguage\":\"fr-FR\",\"@id\":\"https:\/\/masiasmaquinaria.com\/#\/schema\/logo\/image\/\",\"url\":\"https:\/\/masiasmaquinaria.com\/wp-content\/uploads\/logomasias_landing.png\",\"contentUrl\":\"https:\/\/masiasmaquinaria.com\/wp-content\/uploads\/logomasias_landing.png\",\"width\":201,\"height\":119,\"caption\":\"Masias Maquinaria\"},\"image\":{\"@id\":\"https:\/\/masiasmaquinaria.com\/#\/schema\/logo\/image\/\"}}]}<\/script>\n<!-- \/ Yoast SEO plugin. -->","yoast_head_json":{"title":"Politique de confidentialit\u00e9 - Masias Maquinaria","robots":{"index":"noindex","follow":"nofollow"},"og_locale":"fr_FR","og_type":"article","og_title":"Politique de confidentialit\u00e9 - Masias Maquinaria","og_description":"MASIAS MAQUINARIA, SL s&rsquo;engage \u00e0 prot\u00e9ger la vie priv\u00e9e des utilisateurs qui acc\u00e8dent \u00e0 ce site web et\/ou \u00e0 l&rsquo;un de ses services. L&rsquo;utilisation du site web et\/ou de l&rsquo;un des services propos\u00e9s par MASIAS MAQUINARIA, SL implique l&rsquo;acceptation par l&rsquo;utilisateur des dispositions contenues dans la pr\u00e9sente Politique de confidentialit\u00e9 et le traitement de ses [&hellip;]","og_url":"https:\/\/masiasmaquinaria.com\/fr\/confidentialite-et-conditions-dutilisation\/","og_site_name":"Masias Maquinaria","article_modified_time":"2026-03-25T15:21:05+00:00","twitter_card":"summary_large_image","twitter_misc":{"Dur\u00e9e de lecture estim\u00e9e":"5 minutes"},"schema":{"@context":"https:\/\/schema.org","@graph":[{"@type":"WebPage","@id":"https:\/\/masiasmaquinaria.com\/fr\/confidentialite-et-conditions-dutilisation\/","url":"https:\/\/masiasmaquinaria.com\/fr\/confidentialite-et-conditions-dutilisation\/","name":"Politique de confidentialit\u00e9 - Masias Maquinaria","isPartOf":{"@id":"https:\/\/masiasmaquinaria.com\/#website"},"datePublished":"2015-07-13T08:10:28+00:00","dateModified":"2026-03-25T15:21:05+00:00","breadcrumb":{"@id":"https:\/\/masiasmaquinaria.com\/fr\/confidentialite-et-conditions-dutilisation\/#breadcrumb"},"inLanguage":"fr-FR","potentialAction":[{"@type":"ReadAction","target":["https:\/\/masiasmaquinaria.com\/fr\/confidentialite-et-conditions-dutilisation\/"]}]},{"@type":"BreadcrumbList","@id":"https:\/\/masiasmaquinaria.com\/fr\/confidentialite-et-conditions-dutilisation\/#breadcrumb","itemListElement":[{"@type":"ListItem","position":1,"name":"Inici","item":"https:\/\/masiasmaquinaria.com\/"},{"@type":"ListItem","position":2,"name":"Politique de confidentialit\u00e9"}]},{"@type":"WebSite","@id":"https:\/\/masiasmaquinaria.com\/#website","url":"https:\/\/masiasmaquinaria.com\/","name":"Masias Maquinaria","description":"Fiber filling technologies","publisher":{"@id":"https:\/\/masiasmaquinaria.com\/#organization"},"potentialAction":[{"@type":"SearchAction","target":{"@type":"EntryPoint","urlTemplate":"https:\/\/masiasmaquinaria.com\/?s={search_term_string}"},"query-input":{"@type":"PropertyValueSpecification","valueRequired":true,"valueName":"search_term_string"}}],"inLanguage":"fr-FR"},{"@type":"Organization","@id":"https:\/\/masiasmaquinaria.com\/#organization","name":"Masias Maquinaria","url":"https:\/\/masiasmaquinaria.com\/","logo":{"@type":"ImageObject","inLanguage":"fr-FR","@id":"https:\/\/masiasmaquinaria.com\/#\/schema\/logo\/image\/","url":"https:\/\/masiasmaquinaria.com\/wp-content\/uploads\/logomasias_landing.png","contentUrl":"https:\/\/masiasmaquinaria.com\/wp-content\/uploads\/logomasias_landing.png","width":201,"height":119,"caption":"Masias Maquinaria"},"image":{"@id":"https:\/\/masiasmaquinaria.com\/#\/schema\/logo\/image\/"}}]}},"_links":{"self":[{"href":"https:\/\/masiasmaquinaria.com\/fr\/wp-json\/wp\/v2\/pages\/790","targetHints":{"allow":["GET"]}}],"collection":[{"href":"https:\/\/masiasmaquinaria.com\/fr\/wp-json\/wp\/v2\/pages"}],"about":[{"href":"https:\/\/masiasmaquinaria.com\/fr\/wp-json\/wp\/v2\/types\/page"}],"author":[{"embeddable":true,"href":"https:\/\/masiasmaquinaria.com\/fr\/wp-json\/wp\/v2\/users\/2"}],"replies":[{"embeddable":true,"href":"https:\/\/masiasmaquinaria.com\/fr\/wp-json\/wp\/v2\/comments?post=790"}],"version-history":[{"count":0,"href":"https:\/\/masiasmaquinaria.com\/fr\/wp-json\/wp\/v2\/pages\/790\/revisions"}],"wp:attachment":[{"href":"https:\/\/masiasmaquinaria.com\/fr\/wp-json\/wp\/v2\/media?parent=790"}],"curies":[{"name":"wp","href":"https:\/\/api.w.org\/{rel}","templated":true}]}}