{"id":1819,"date":"2023-11-21T12:32:04","date_gmt":"2023-11-21T11:32:04","guid":{"rendered":"https:\/\/masiasmaquinaria.com\/fr\/sistema-interno-de-informacion\/"},"modified":"2024-12-16T08:04:15","modified_gmt":"2024-12-16T07:04:15","slug":"sistema-interno-de-informacion","status":"publish","type":"page","link":"https:\/\/masiasmaquinaria.com\/fr\/sistema-interno-de-informacion\/","title":{"rendered":"Sistema Interno de Informaci\u00f3n"},"content":{"rendered":"\n<p><strong>I.- SISTEMA INTERNO DE INFORMACI\u00d3N<\/strong><\/p>\n\n\n\n<p>En cumplimiento de la Ley 2\/2023, de 20 de febrero, reguladora de la protecci\u00f3n de las personas que informen sobre infracciones normativas y de lucha contra la corrupci\u00f3n (la \u201cLey 2\/2023\u201d), las empresas <strong>MASIAS INVEST, S.L.<\/strong>, <strong>MASIAS MAQUINARIA, S.L.<\/strong> y <strong>FLUVITEX, S.L.<\/strong> (en adelante, conjuntamente, \u201cMASIAS\u201d o las \u201cempresas\u201d) hacen constar que cuentan con un Sistema Interno de Informaci\u00f3n, siendo la sociedad MASIAS INVEST, S.L. la responsable del tratamiento de los datos personales de conformidad con lo dispuesto por la legislaci\u00f3n vigente en este \u00e1mbito.<\/p>\n\n\n\n<p>Con la finalidad de fortalecer la cultura de la informaci\u00f3n y de las infraestructuras de integridad de MASIAS, y de fomentar la cultura de la comunicaci\u00f3n como mecanismo de prevenci\u00f3n de acciones u omisiones que puedan ser constitutivas de infracciones de la normativa de la UE, penales o administrativas graves o muy graves, as\u00ed como infracciones laborales en materia de seguridad y salud en el trabajo, MASIAS cuenta con una persona Responsable de Cumplimiento Penal (RCP) que es, as\u00ed mismo, Responsable del Sistema Interno de Informaci\u00f3n (RSII) (en adelante, la persona \u201cRCP\/RSII\u201d). A estos efectos, MASIAS ha nombrado como tal a la persona que ocupa el cargo de Responsable de Calidad, Seguridad y Medio Ambiente.<\/p>\n\n\n\n<p>Las informaciones relativas a los \u00e1mbitos se\u00f1alados en el p\u00e1rrafo anterior pueden hacerse llegar al RCP\/RSII por cualquiera de los siguientes medios:<\/p>\n\n\n\n<ul class=\"wp-block-list\"><li>A la direcci\u00f3n de correo electr\u00f3nico: <a href=\"mailto:compliance@masias.com\">compliance@masias.com<\/a> \u00a0<\/li><li>Telef\u00f3nicamente: llamando al tel\u00e9fono 972293150, preguntando por la persona RCP\/RSII.<\/li><li>Solicitando una reuni\u00f3n presencial con la persona RCP\/RSII a trav\u00e9s del correo electr\u00f3nico antes mencionado, que deber\u00e1 celebrarse en el plazo m\u00e1ximo de siete d\u00edas.<\/li><\/ul>\n\n\n\n<p><\/p>\n\n\n\n<p>Solicitando una reuni\u00f3n presencial con la persona RCP\/RSII a trav\u00e9s del correo electr\u00f3nico antes mencionado, que deber\u00e1 celebrarse en el plazo m\u00e1ximo de siete d\u00edas.<\/p>\n\n\n\n<p>a) Mediante una grabaci\u00f3n de la conversaci\u00f3n en un formato seguro, duradero y accesible.<\/p>\n\n\n\n<p><em>(*) Se advertir\u00e1 a la persona informante que la comunicaci\u00f3n ser\u00e1 grabada y se le informar\u00e1 del tratamiento de sus datos de acuerdo con lo establecido en el Reglamento (UE) 2016\/679 del Parlamento Europeo y del Consejo, de 27 de abril de 2016 (RGPD o Reglamento General de Protecci\u00f3n de Datos).<\/em><\/p>\n\n\n\n<p>b) A trav\u00e9s de una transcripci\u00f3n completa y exacta de la conversaci\u00f3n realizada por la persona RCP\/RSII.<\/p>\n\n\n\n<p><em>(*) Sin perjuicio de los derechos que le corresponden de acuerdo con la normativa sobre protecci\u00f3n de datos, se ofrecer\u00e1 a la persona informante la oportunidad de comprobar, rectificar y aceptar mediante su firma la transcripci\u00f3n de la conversaci\u00f3n.<\/em><\/p>\n\n\n\n<p><\/p>\n\n\n\n<p>El Sistema Interno de Informaci\u00f3n de MASIAS cumple con los requisitos del art\u00edculo 5.2 de la Ley 2\/2023, esto es:<\/p>\n\n\n\n<p>a).- Permite que las personas a quienes aplica la Ley 2\/2023 puedan comunicar informaciones, por varios medios, sobre las infracciones previstas en su art\u00edculo 2.<\/p>\n\n\n\n<p>b).- Se gestiona de forma segura, garantizando que las comunicaciones puedan tratarse de forma efectiva dentro de las empresas, as\u00ed como la confidencialidad de la identidad de la persona informante y de cualquier tercera persona mencionada en la comunicaci\u00f3n y de las actuaciones que se desarrollen en la gesti\u00f3n y tramitaci\u00f3n de esta, as\u00ed como la protecci\u00f3n de datos, impidiendo el acceso de personal no autorizado.<\/p>\n\n\n\n<p>c).- Cuenta con un Protocolo de uso del Canal \u00c9tico y de actuaci\u00f3n de la persona Responsable de Cumplimiento Penal y del Sistema Interno de Informaci\u00f3n que establece garant\u00edas para la protecci\u00f3n de las personas informantes, esencialmente:<\/p>\n\n\n\n<ul class=\"wp-block-list\"><li>Justificante de recepci\u00f3n en el plazo de siete d\u00edas naturales siguientes a la recepci\u00f3n de la informaci\u00f3n.<\/li><li>Plazo m\u00e1ximo ordinario de tres meses para dar respuesta a las actuaciones de la investigaci\u00f3n, en los t\u00e9rminos del art\u00edculo 9 de la Ley 2\/2023, cumplimentando y custodiando de forma diligente un Libro-Registro de Informaciones.<\/li><li>Posibilidad de mantener la comunicaci\u00f3n con la persona informante.<\/li><li>Establecimiento del derecho de la persona afectada a que se le informe de las acciones u omisiones que se le atribuyen y a ser escuchada.<\/li><li>Garant\u00eda de confidencialidad cuando la comunicaci\u00f3n sea remitida por canales de denuncia que no sean los establecidos o a personal no responsable de su tratamiento, as\u00ed como la obligaci\u00f3n de que la persona que la reciba, la remita inmediatamente a la persona RCP\/RSII.<\/li><li>Respeto a la presunci\u00f3n de inocencia y al honor de las personas afectadas.<\/li><li>Respeto a las disposiciones sobre Protecci\u00f3n de Datos (T\u00edtulo VI Ley 2\/2023).<\/li><li>Compromiso de remisi\u00f3n de la informaci\u00f3n al Ministerio Fiscal con car\u00e1cter inmediato, cuando los hechos pudieran ser indiciariamente constitutivos de delito.<\/li><\/ul>\n\n\n\n<p><\/p>\n\n\n\n<p><strong><strong>II.- TRATAMIENTO DE DATOS PERSONALES<\/strong><\/strong><\/p>\n\n\n\n<p>MASIAS INVEST, S.L. tratar\u00e1, como responsable del tratamiento, los datos personales incluidos en las comunicaciones que se reciban y queden amparados por la Ley 2\/2023, con la finalidad de poder gestionarlas e iniciar, en su caso, el procedimiento de investigaci\u00f3n correspondiente y adoptar las medidas correctoras que, en su caso, procedan.<\/p>\n\n\n\n<p>La base jur\u00eddica del tratamiento ser\u00e1 el cumplimiento de las obligaciones impuestas por la Ley 2\/2023. Si la comunicaci\u00f3n contiene datos de car\u00e1cter especial, \u00e9stos s\u00f3lo se tratar\u00e1n cuando resulte estrictamente necesario para la adopci\u00f3n de medidas correctoras y\/o el inicio del procedimiento de investigaci\u00f3n correspondiente y\/o la tramitaci\u00f3n de los procedimientos sancionadores o penales que, en su caso, procedan, de conformidad con la legislaci\u00f3n vigente, y en estos casos, la base jur\u00eddica ser\u00e1 el inter\u00e9s p\u00fablico esencial. El tratamiento de los datos personales ser\u00e1 el indispensable, cuando sin ellos no se puedan cumplir los objetivos y las obligaciones que estipula la Ley 2\/2023.<\/p>\n\n\n\n<p>Los datos personales podr\u00e1n ser tratados por el personal de MASIAS INVEST, S.L., MASIAS MAQUINARIA, S.L. y FLUVITEX, S.L. autorizado para ello \u00fanicamente cuando resulte necesario para la investigaci\u00f3n de incumplimientos de la normativa interna de las referidas empresas, de infracciones en el \u00e1mbito del Derecho de la Uni\u00f3n Europea, infracciones penales o administrativas graves o muy graves, as\u00ed como infracciones laborales en el \u00e1mbito de la seguridad y la salud en el trabajo, para la adopci\u00f3n de medidas correctoras o bien para la tramitaci\u00f3n de los procedimientos sancionadores o penales que, en su caso, procedan. Asimismo, los datos personales podr\u00e1n ser comunicados a terceros en caso de obligaci\u00f3n legal, y podr\u00e1n ser comunicados a la autoridad judicial, al Ministerio Fiscal o a la autoridad administrativa competentes en el marco de la mencionada investigaci\u00f3n.<\/p>\n\n\n\n<p>Los datos personales se conservar\u00e1n el tiempo imprescindible para decidir sobre la procedencia de iniciar una investigaci\u00f3n sobre los hechos informados. En caso de que fuese oportuno adoptar medidas correctoras, los datos se conservar\u00e1n durante todo el tiempo que dure la aplicaci\u00f3n de estas medidas. Por otro lado, en el supuesto que fuese necesario iniciar la tramitaci\u00f3n de procedimientos sancionadores o penales, los datos se conservar\u00e1n durante todo el tiempo que dure el procedimiento sancionador o penal.<\/p>\n\n\n\n<p>En todo caso, si la decisi\u00f3n sobre la procedencia de iniciar una investigaci\u00f3n sobre los hechos informados no se adoptase en un plazo de tres meses, los datos personales contenidos en la comunicaci\u00f3n se suprimir\u00e1n, excepto aquellos datos que sea estrictamente necesario que se conserven bloqueados para mantener evidencia del funcionamiento del Sistema Interno de Informaci\u00f3n de las empresas de conformidad con la Ley 2\/2023.<\/p>\n\n\n\n<p>Tambi\u00e9n ser\u00e1n suprimidos aquellos datos personales que revelen conductas que no est\u00e1n incluidas en el \u00e1mbito de aplicaci\u00f3n de la Ley 2\/2023, as\u00ed como aquellos datos personales no considerados veraces, a excepci\u00f3n de que esta falta de veracidad pueda constituir un il\u00edcito penal, en cuyo caso se guardar\u00e1 la informaci\u00f3n por el tiempo necesario durante el cual se tramite el procedimiento judicial.<\/p>\n\n\n\n<p>Finalmente, se hace constar que en cualquier momento la persona comunicante podr\u00e1 solicitar al responsable del tratamiento el acceso a sus datos personales, su rectificaci\u00f3n o supresi\u00f3n, o la limitaci\u00f3n de su tratamiento, o a oponerse, as\u00ed como el derecho a la portabilidad de los datos, enviando un escrito al correo postal Major Santa Magdalena 1, 17857, Sant Joan Les Fonts, o a la direcci\u00f3n de correo electr\u00f3nico <a href=\"mailto:conformity@masias.com\">conformity@masias.com<\/a>. En caso de disconformidad con el tratamiento de sus datos, podr\u00e1 presentar una reclamaci\u00f3n ante la Agencia Espa\u00f1ola de Protecci\u00f3n de Datos, organismo que ostenta la autoridad de control en la materia, ubicada en la C\/ Jorge Juan, 6 (28001) Madrid (www.aepd.es).<\/p>\n\n\n\n<p><\/p>\n\n\n\n<p><strong><strong>III.- NO REPRESALIA<\/strong><\/strong><\/p>\n\n\n\n<p>Las empresas que conforman MASIAS se comprometen expresamente a no llevar a cabo actos constitutivos de represalia, incluidas amenazas o tentativas de represalia, contra las personas que presenten una comunicaci\u00f3n conforme a lo previsto en la Ley 2\/2023, y a aplicar medidas de protecci\u00f3n durante la tramitaci\u00f3n de un expediente, respecto de las personas afectadas por una posible comunicaci\u00f3n.<\/p>\n\n\n\n<p><\/p>\n\n\n\n<p><strong><strong>IV.- EXENCI\u00d3N Y ATENUACI\u00d3N DE LA SANCI\u00d3N<\/strong><\/strong><\/p>\n\n\n\n<p>De conformidad con lo previsto en la Ley 2\/2023, cuando una persona que hubiera participado en la comisi\u00f3n de la infracci\u00f3n administrativa objeto de la informaci\u00f3n sea la que informe de su existencia mediante la presentaci\u00f3n de la informaci\u00f3n, y siempre que \u00e9sta hubiera sido presentada con anterioridad a que hubiera sido notificada la incoaci\u00f3n del procedimiento de investigaci\u00f3n o sancionador, el \u00f3rgano administrativo competente para resolver el procedimiento, mediante resoluci\u00f3n motivada, podr\u00e1 eximirle del cumplimiento de la sanci\u00f3n administrativa que le correspondiera siempre que resulten acreditados los extremos mencionados en el art\u00edculo 40 de la Ley 2\/2023.<\/p>\n\n\n\n<p><\/p>\n\n\n\n<p><em>(*) El Canal \u00c9tico permite la presentaci\u00f3n de comunicaciones an\u00f3nimas.<\/em><\/p>\n\n\n\n<p><em>(**) Si bien siempre que sea posible el uso del canal interno ser\u00e1 preferente, seg\u00fan las circunstancias y gravedad de la informaci\u00f3n las comunicaciones tambi\u00e9n podr\u00e1n remitirse, en su caso, a la Autoridad Independiente de Protecci\u00f3n del Informante (en la Comunidad Aut\u00f3noma de Catalunya, ante la Oficina Antifraude de Catalunya), o a las autoridades u \u00f3rganos auton\u00f3micos correspondientes, al Ministerio Fiscal, a la Fiscal\u00eda Europea, o autoridad competente seg\u00fan sea procedente.<\/em><\/p>\n","protected":false},"excerpt":{"rendered":"<p>I.- SISTEMA INTERNO DE INFORMACI\u00d3N En cumplimiento de la Ley 2\/2023, de 20 de febrero, reguladora de la protecci\u00f3n de las personas que informen sobre infracciones normativas y de lucha contra la corrupci\u00f3n (la \u201cLey 2\/2023\u201d), las empresas MASIAS INVEST, S.L., MASIAS MAQUINARIA, S.L. y FLUVITEX, S.L. (en adelante, conjuntamente, \u201cMASIAS\u201d o las \u201cempresas\u201d) hacen [&hellip;]<\/p>\n","protected":false},"author":10,"featured_media":0,"parent":0,"menu_order":77,"comment_status":"closed","ping_status":"closed","template":"","meta":{"om_disable_all_campaigns":false,"_monsterinsights_skip_tracking":false,"_monsterinsights_sitenote_active":false,"_monsterinsights_sitenote_note":"","_monsterinsights_sitenote_category":0,"footnotes":""},"class_list":["post-1819","page","type-page","status-publish","hentry"],"yoast_head":"<!-- This site is optimized with the Yoast SEO plugin v27.2 - https:\/\/yoast.com\/product\/yoast-seo-wordpress\/ -->\n<title>Sistema Interno de Informaci\u00f3n - Masias Maquinaria<\/title>\n<meta name=\"robots\" content=\"noindex, nofollow\" \/>\n<meta property=\"og:locale\" content=\"fr_FR\" \/>\n<meta property=\"og:type\" content=\"article\" \/>\n<meta property=\"og:title\" content=\"Sistema Interno de Informaci\u00f3n - Masias Maquinaria\" \/>\n<meta property=\"og:description\" content=\"I.- SISTEMA INTERNO DE INFORMACI\u00d3N En cumplimiento de la Ley 2\/2023, de 20 de febrero, reguladora de la protecci\u00f3n de las personas que informen sobre infracciones normativas y de lucha contra la corrupci\u00f3n (la \u201cLey 2\/2023\u201d), las empresas MASIAS INVEST, S.L., MASIAS MAQUINARIA, S.L. y FLUVITEX, S.L. (en adelante, conjuntamente, \u201cMASIAS\u201d o las \u201cempresas\u201d) hacen [&hellip;]\" \/>\n<meta property=\"og:url\" content=\"https:\/\/masiasmaquinaria.com\/fr\/sistema-interno-de-informacion\/\" \/>\n<meta property=\"og:site_name\" content=\"Masias Maquinaria\" \/>\n<meta property=\"article:modified_time\" content=\"2024-12-16T07:04:15+00:00\" \/>\n<meta name=\"twitter:card\" content=\"summary_large_image\" \/>\n<meta name=\"twitter:label1\" content=\"Dur\u00e9e de lecture estim\u00e9e\" \/>\n\t<meta name=\"twitter:data1\" content=\"9 minutes\" \/>\n<script type=\"application\/ld+json\" class=\"yoast-schema-graph\">{\"@context\":\"https:\/\/schema.org\",\"@graph\":[{\"@type\":\"WebPage\",\"@id\":\"https:\/\/masiasmaquinaria.com\/fr\/sistema-interno-de-informacion\/\",\"url\":\"https:\/\/masiasmaquinaria.com\/fr\/sistema-interno-de-informacion\/\",\"name\":\"Sistema Interno de Informaci\u00f3n - Masias Maquinaria\",\"isPartOf\":{\"@id\":\"https:\/\/masiasmaquinaria.com\/#website\"},\"datePublished\":\"2023-11-21T11:32:04+00:00\",\"dateModified\":\"2024-12-16T07:04:15+00:00\",\"breadcrumb\":{\"@id\":\"https:\/\/masiasmaquinaria.com\/fr\/sistema-interno-de-informacion\/#breadcrumb\"},\"inLanguage\":\"fr-FR\",\"potentialAction\":[{\"@type\":\"ReadAction\",\"target\":[\"https:\/\/masiasmaquinaria.com\/fr\/sistema-interno-de-informacion\/\"]}]},{\"@type\":\"BreadcrumbList\",\"@id\":\"https:\/\/masiasmaquinaria.com\/fr\/sistema-interno-de-informacion\/#breadcrumb\",\"itemListElement\":[{\"@type\":\"ListItem\",\"position\":1,\"name\":\"Inici\",\"item\":\"https:\/\/masiasmaquinaria.com\/\"},{\"@type\":\"ListItem\",\"position\":2,\"name\":\"Sistema Interno de Informaci\u00f3n\"}]},{\"@type\":\"WebSite\",\"@id\":\"https:\/\/masiasmaquinaria.com\/#website\",\"url\":\"https:\/\/masiasmaquinaria.com\/\",\"name\":\"Masias Maquinaria\",\"description\":\"Fiber filling technologies\",\"publisher\":{\"@id\":\"https:\/\/masiasmaquinaria.com\/#organization\"},\"potentialAction\":[{\"@type\":\"SearchAction\",\"target\":{\"@type\":\"EntryPoint\",\"urlTemplate\":\"https:\/\/masiasmaquinaria.com\/?s={search_term_string}\"},\"query-input\":{\"@type\":\"PropertyValueSpecification\",\"valueRequired\":true,\"valueName\":\"search_term_string\"}}],\"inLanguage\":\"fr-FR\"},{\"@type\":\"Organization\",\"@id\":\"https:\/\/masiasmaquinaria.com\/#organization\",\"name\":\"Masias Maquinaria\",\"url\":\"https:\/\/masiasmaquinaria.com\/\",\"logo\":{\"@type\":\"ImageObject\",\"inLanguage\":\"fr-FR\",\"@id\":\"https:\/\/masiasmaquinaria.com\/#\/schema\/logo\/image\/\",\"url\":\"https:\/\/masiasmaquinaria.com\/wp-content\/uploads\/logomasias_landing.png\",\"contentUrl\":\"https:\/\/masiasmaquinaria.com\/wp-content\/uploads\/logomasias_landing.png\",\"width\":201,\"height\":119,\"caption\":\"Masias Maquinaria\"},\"image\":{\"@id\":\"https:\/\/masiasmaquinaria.com\/#\/schema\/logo\/image\/\"}}]}<\/script>\n<!-- \/ Yoast SEO plugin. -->","yoast_head_json":{"title":"Sistema Interno de Informaci\u00f3n - Masias Maquinaria","robots":{"index":"noindex","follow":"nofollow"},"og_locale":"fr_FR","og_type":"article","og_title":"Sistema Interno de Informaci\u00f3n - Masias Maquinaria","og_description":"I.- SISTEMA INTERNO DE INFORMACI\u00d3N En cumplimiento de la Ley 2\/2023, de 20 de febrero, reguladora de la protecci\u00f3n de las personas que informen sobre infracciones normativas y de lucha contra la corrupci\u00f3n (la \u201cLey 2\/2023\u201d), las empresas MASIAS INVEST, S.L., MASIAS MAQUINARIA, S.L. y FLUVITEX, S.L. (en adelante, conjuntamente, \u201cMASIAS\u201d o las \u201cempresas\u201d) hacen [&hellip;]","og_url":"https:\/\/masiasmaquinaria.com\/fr\/sistema-interno-de-informacion\/","og_site_name":"Masias Maquinaria","article_modified_time":"2024-12-16T07:04:15+00:00","twitter_card":"summary_large_image","twitter_misc":{"Dur\u00e9e de lecture estim\u00e9e":"9 minutes"},"schema":{"@context":"https:\/\/schema.org","@graph":[{"@type":"WebPage","@id":"https:\/\/masiasmaquinaria.com\/fr\/sistema-interno-de-informacion\/","url":"https:\/\/masiasmaquinaria.com\/fr\/sistema-interno-de-informacion\/","name":"Sistema Interno de Informaci\u00f3n - Masias Maquinaria","isPartOf":{"@id":"https:\/\/masiasmaquinaria.com\/#website"},"datePublished":"2023-11-21T11:32:04+00:00","dateModified":"2024-12-16T07:04:15+00:00","breadcrumb":{"@id":"https:\/\/masiasmaquinaria.com\/fr\/sistema-interno-de-informacion\/#breadcrumb"},"inLanguage":"fr-FR","potentialAction":[{"@type":"ReadAction","target":["https:\/\/masiasmaquinaria.com\/fr\/sistema-interno-de-informacion\/"]}]},{"@type":"BreadcrumbList","@id":"https:\/\/masiasmaquinaria.com\/fr\/sistema-interno-de-informacion\/#breadcrumb","itemListElement":[{"@type":"ListItem","position":1,"name":"Inici","item":"https:\/\/masiasmaquinaria.com\/"},{"@type":"ListItem","position":2,"name":"Sistema Interno de Informaci\u00f3n"}]},{"@type":"WebSite","@id":"https:\/\/masiasmaquinaria.com\/#website","url":"https:\/\/masiasmaquinaria.com\/","name":"Masias Maquinaria","description":"Fiber filling technologies","publisher":{"@id":"https:\/\/masiasmaquinaria.com\/#organization"},"potentialAction":[{"@type":"SearchAction","target":{"@type":"EntryPoint","urlTemplate":"https:\/\/masiasmaquinaria.com\/?s={search_term_string}"},"query-input":{"@type":"PropertyValueSpecification","valueRequired":true,"valueName":"search_term_string"}}],"inLanguage":"fr-FR"},{"@type":"Organization","@id":"https:\/\/masiasmaquinaria.com\/#organization","name":"Masias Maquinaria","url":"https:\/\/masiasmaquinaria.com\/","logo":{"@type":"ImageObject","inLanguage":"fr-FR","@id":"https:\/\/masiasmaquinaria.com\/#\/schema\/logo\/image\/","url":"https:\/\/masiasmaquinaria.com\/wp-content\/uploads\/logomasias_landing.png","contentUrl":"https:\/\/masiasmaquinaria.com\/wp-content\/uploads\/logomasias_landing.png","width":201,"height":119,"caption":"Masias Maquinaria"},"image":{"@id":"https:\/\/masiasmaquinaria.com\/#\/schema\/logo\/image\/"}}]}},"_links":{"self":[{"href":"https:\/\/masiasmaquinaria.com\/fr\/wp-json\/wp\/v2\/pages\/1819","targetHints":{"allow":["GET"]}}],"collection":[{"href":"https:\/\/masiasmaquinaria.com\/fr\/wp-json\/wp\/v2\/pages"}],"about":[{"href":"https:\/\/masiasmaquinaria.com\/fr\/wp-json\/wp\/v2\/types\/page"}],"author":[{"embeddable":true,"href":"https:\/\/masiasmaquinaria.com\/fr\/wp-json\/wp\/v2\/users\/10"}],"replies":[{"embeddable":true,"href":"https:\/\/masiasmaquinaria.com\/fr\/wp-json\/wp\/v2\/comments?post=1819"}],"version-history":[{"count":0,"href":"https:\/\/masiasmaquinaria.com\/fr\/wp-json\/wp\/v2\/pages\/1819\/revisions"}],"wp:attachment":[{"href":"https:\/\/masiasmaquinaria.com\/fr\/wp-json\/wp\/v2\/media?parent=1819"}],"curies":[{"name":"wp","href":"https:\/\/api.w.org\/{rel}","templated":true}]}}