{"id":1574,"date":"2021-01-28T15:50:48","date_gmt":"2021-01-28T14:50:48","guid":{"rendered":"https:\/\/masiasmaquinaria.com\/fr\/avis-legal\/"},"modified":"2026-03-25T16:27:21","modified_gmt":"2026-03-25T15:27:21","slug":"avis-legal","status":"publish","type":"page","link":"https:\/\/masiasmaquinaria.com\/fr\/avis-legal\/","title":{"rendered":"Av\u00eds legal"},"content":{"rendered":"\t\t<div data-elementor-type=\"wp-page\" data-elementor-id=\"1574\" class=\"elementor elementor-1574 elementor-1555\" data-elementor-post-type=\"page\">\n\t\t\t\t\t\t<section class=\"elementor-section elementor-top-section elementor-element elementor-element-782e5d59 elementor-section-boxed elementor-section-height-default elementor-section-height-default\" data-id=\"782e5d59\" data-element_type=\"section\">\n\t\t\t\t\t\t<div class=\"elementor-container elementor-column-gap-default\">\n\t\t\t\t\t<div class=\"elementor-column elementor-col-100 elementor-top-column elementor-element elementor-element-229ecb31\" data-id=\"229ecb31\" data-element_type=\"column\">\n\t\t\t<div class=\"elementor-widget-wrap elementor-element-populated\">\n\t\t\t\t\t\t<div class=\"elementor-element elementor-element-327669d elementor-widget elementor-widget-text-editor\" data-id=\"327669d\" data-element_type=\"widget\" data-widget_type=\"text-editor.default\">\n\t\t\t\t<div class=\"elementor-widget-container\">\n\t\t\t\t\t\t\t\t\t<p><b>Le propri\u00e9taire de ce site web est :<\/b><\/p><p>Identit\u00e9 : MASIAS MAQUINARIA, SL<\/p><p>Num\u00e9ro d&rsquo;identification fiscale : B17479809<\/p><p>Adresse : Major Santa Magdalena, 1 17857 Sant Joan Les Fonts<\/p><p>T\u00e9l. : 972 29 31 50<\/p><p>E-mail : compliance@masias.com<\/p><p>Inscrite au Registre du commerce de G\u00e9rone, Full GI-8.631 Foli 145, Tome 441<\/p><p><b>Conditions d&rsquo;utilisation<\/b><\/p><p>L&rsquo;utilisation de ce site web implique l&rsquo;acceptation sans r\u00e9serve des termes et conditions de la pr\u00e9sente mention l\u00e9gale.<\/p><p><b>Propri\u00e9t\u00e9 intellectuelle et industrielle<\/b><\/p><p>L&rsquo;ensemble du contenu de ce site web, qu&rsquo;il s&rsquo;agisse de textes, d&rsquo;images, de sons, de marques, de logos ou d&rsquo;autres \u00e9l\u00e9ments, ainsi que la structure, la conception, les combinaisons de couleurs ou la forme de pr\u00e9sentation des \u00e9l\u00e9ments, sont prot\u00e9g\u00e9s par des droits de propri\u00e9t\u00e9 industrielle et intellectuelle que l&rsquo;utilisateur de ce site web doit respecter. Toute transformation, modification, communication publique ou toute autre forme d&rsquo;exploitation par quelque proc\u00e9d\u00e9 que ce soit est interdite sans l&rsquo;autorisation expresse de MASIAS MAQUINARIA, SL.<\/p><p><b>Responsabilit\u00e9 relative aux contenus<\/b><\/p><p>Bien que MASIAS MAQUINARIA, SL agisse avec la plus grande diligence possible, il peut arriver que certaines donn\u00e9es ou informations ne soient pas tout \u00e0 fait \u00e0 jour au moment o\u00f9 l&rsquo;utilisateur du site web les consulte. Par cons\u00e9quent, les informations pr\u00e9sent\u00e9es sur ce site web ont un caract\u00e8re indicatif et n&rsquo;engagent pas la responsabilit\u00e9 de MASIAS MAQUINARIA, SL.<\/p><p>MASIAS MAQUINARIA, SL ne sera pas responsable des informations pouvant \u00eatre obtenues par le biais des liens inclus sur son site web.<\/p><p>MASIAS MAQUINARIA, SL se r\u00e9serve le droit d&rsquo;apporter, \u00e0 tout moment et sans pr\u00e9avis, des modifications ou des mises \u00e0 jour aux informations et \u00e0 tout \u00e9l\u00e9ment composant la conception et la configuration du site web.<\/p><p><b>Loi applicable et juridiction :<\/b><\/p><p>L&rsquo;utilisation de ce site web implique l&rsquo;acceptation pleine et enti\u00e8re des conditions g\u00e9n\u00e9rales de la pr\u00e9sente politique l\u00e9gale. Les \u00e9ventuels litiges relatifs \u00e0 ce site web seront r\u00e9gis ou interpr\u00e9t\u00e9s conform\u00e9ment \u00e0 la l\u00e9gislation espagnole et soumis aux cours et tribunaux du domicile de l&rsquo;utilisateur, lorsque celui-ci a la qualit\u00e9 de consommateur ou d&rsquo;utilisateur conform\u00e9ment \u00e0 l&rsquo;article 3 du d\u00e9cret-loi royal 1\/2007 du 16 novembre, portant approbation du texte refondu de la loi g\u00e9n\u00e9rale pour la d\u00e9fense des consommateurs et des utilisateurs et d&rsquo;autres lois compl\u00e9mentaires ; dans le cas contraire, les tribunaux du domicile de MASIAS MAQUINARIA, SL seront comp\u00e9tents.<\/p>\t\t\t\t\t\t\t\t<\/div>\n\t\t\t\t<\/div>\n\t\t\t\t\t<\/div>\n\t\t<\/div>\n\t\t\t\t\t<\/div>\n\t\t<\/section>\n\t\t\t\t<\/div>\n\t\t","protected":false},"excerpt":{"rendered":"<p>Le propri\u00e9taire de ce site web est : Identit\u00e9 : MASIAS MAQUINARIA, SL Num\u00e9ro d&rsquo;identification fiscale : B17479809 Adresse : Major Santa Magdalena, 1 17857 Sant Joan Les Fonts T\u00e9l. : 972 29 31 50 E-mail : compliance@masias.com Inscrite au Registre du commerce de G\u00e9rone, Full GI-8.631 Foli 145, Tome 441 Conditions d&rsquo;utilisation L&rsquo;utilisation de [&hellip;]<\/p>\n","protected":false},"author":2,"featured_media":0,"parent":0,"menu_order":74,"comment_status":"closed","ping_status":"closed","template":"","meta":{"om_disable_all_campaigns":false,"_monsterinsights_skip_tracking":false,"_monsterinsights_sitenote_active":false,"_monsterinsights_sitenote_note":"","_monsterinsights_sitenote_category":0,"footnotes":""},"class_list":["post-1574","page","type-page","status-publish","hentry"],"yoast_head":"<!-- This site is optimized with the Yoast SEO plugin v27.2 - https:\/\/yoast.com\/product\/yoast-seo-wordpress\/ -->\n<title>Av\u00eds legal - Masias Maquinaria<\/title>\n<meta name=\"robots\" content=\"noindex, nofollow\" \/>\n<meta property=\"og:locale\" content=\"fr_FR\" \/>\n<meta property=\"og:type\" content=\"article\" \/>\n<meta property=\"og:title\" content=\"Av\u00eds legal - Masias Maquinaria\" \/>\n<meta property=\"og:description\" content=\"Le propri\u00e9taire de ce site web est : Identit\u00e9 : MASIAS MAQUINARIA, SL Num\u00e9ro d&rsquo;identification fiscale : B17479809 Adresse : Major Santa Magdalena, 1 17857 Sant Joan Les Fonts T\u00e9l. : 972 29 31 50 E-mail : compliance@masias.com Inscrite au Registre du commerce de G\u00e9rone, Full GI-8.631 Foli 145, Tome 441 Conditions d&rsquo;utilisation L&rsquo;utilisation de [&hellip;]\" \/>\n<meta property=\"og:url\" content=\"https:\/\/masiasmaquinaria.com\/fr\/avis-legal\/\" \/>\n<meta property=\"og:site_name\" content=\"Masias Maquinaria\" \/>\n<meta property=\"article:modified_time\" content=\"2026-03-25T15:27:21+00:00\" \/>\n<meta name=\"twitter:card\" content=\"summary_large_image\" \/>\n<meta name=\"twitter:label1\" content=\"Dur\u00e9e de lecture estim\u00e9e\" \/>\n\t<meta name=\"twitter:data1\" content=\"2 minutes\" \/>\n<script type=\"application\/ld+json\" class=\"yoast-schema-graph\">{\"@context\":\"https:\/\/schema.org\",\"@graph\":[{\"@type\":\"WebPage\",\"@id\":\"https:\/\/masiasmaquinaria.com\/fr\/avis-legal\/\",\"url\":\"https:\/\/masiasmaquinaria.com\/fr\/avis-legal\/\",\"name\":\"Av\u00eds legal - Masias Maquinaria\",\"isPartOf\":{\"@id\":\"https:\/\/masiasmaquinaria.com\/#website\"},\"datePublished\":\"2021-01-28T14:50:48+00:00\",\"dateModified\":\"2026-03-25T15:27:21+00:00\",\"breadcrumb\":{\"@id\":\"https:\/\/masiasmaquinaria.com\/fr\/avis-legal\/#breadcrumb\"},\"inLanguage\":\"fr-FR\",\"potentialAction\":[{\"@type\":\"ReadAction\",\"target\":[\"https:\/\/masiasmaquinaria.com\/fr\/avis-legal\/\"]}]},{\"@type\":\"BreadcrumbList\",\"@id\":\"https:\/\/masiasmaquinaria.com\/fr\/avis-legal\/#breadcrumb\",\"itemListElement\":[{\"@type\":\"ListItem\",\"position\":1,\"name\":\"Inici\",\"item\":\"https:\/\/masiasmaquinaria.com\/\"},{\"@type\":\"ListItem\",\"position\":2,\"name\":\"Av\u00eds legal\"}]},{\"@type\":\"WebSite\",\"@id\":\"https:\/\/masiasmaquinaria.com\/#website\",\"url\":\"https:\/\/masiasmaquinaria.com\/\",\"name\":\"Masias Maquinaria\",\"description\":\"Fiber filling technologies\",\"publisher\":{\"@id\":\"https:\/\/masiasmaquinaria.com\/#organization\"},\"potentialAction\":[{\"@type\":\"SearchAction\",\"target\":{\"@type\":\"EntryPoint\",\"urlTemplate\":\"https:\/\/masiasmaquinaria.com\/?s={search_term_string}\"},\"query-input\":{\"@type\":\"PropertyValueSpecification\",\"valueRequired\":true,\"valueName\":\"search_term_string\"}}],\"inLanguage\":\"fr-FR\"},{\"@type\":\"Organization\",\"@id\":\"https:\/\/masiasmaquinaria.com\/#organization\",\"name\":\"Masias Maquinaria\",\"url\":\"https:\/\/masiasmaquinaria.com\/\",\"logo\":{\"@type\":\"ImageObject\",\"inLanguage\":\"fr-FR\",\"@id\":\"https:\/\/masiasmaquinaria.com\/#\/schema\/logo\/image\/\",\"url\":\"https:\/\/masiasmaquinaria.com\/wp-content\/uploads\/logomasias_landing.png\",\"contentUrl\":\"https:\/\/masiasmaquinaria.com\/wp-content\/uploads\/logomasias_landing.png\",\"width\":201,\"height\":119,\"caption\":\"Masias Maquinaria\"},\"image\":{\"@id\":\"https:\/\/masiasmaquinaria.com\/#\/schema\/logo\/image\/\"}}]}<\/script>\n<!-- \/ Yoast SEO plugin. -->","yoast_head_json":{"title":"Av\u00eds legal - Masias Maquinaria","robots":{"index":"noindex","follow":"nofollow"},"og_locale":"fr_FR","og_type":"article","og_title":"Av\u00eds legal - Masias Maquinaria","og_description":"Le propri\u00e9taire de ce site web est : Identit\u00e9 : MASIAS MAQUINARIA, SL Num\u00e9ro d&rsquo;identification fiscale : B17479809 Adresse : Major Santa Magdalena, 1 17857 Sant Joan Les Fonts T\u00e9l. : 972 29 31 50 E-mail : compliance@masias.com Inscrite au Registre du commerce de G\u00e9rone, Full GI-8.631 Foli 145, Tome 441 Conditions d&rsquo;utilisation L&rsquo;utilisation de [&hellip;]","og_url":"https:\/\/masiasmaquinaria.com\/fr\/avis-legal\/","og_site_name":"Masias Maquinaria","article_modified_time":"2026-03-25T15:27:21+00:00","twitter_card":"summary_large_image","twitter_misc":{"Dur\u00e9e de lecture estim\u00e9e":"2 minutes"},"schema":{"@context":"https:\/\/schema.org","@graph":[{"@type":"WebPage","@id":"https:\/\/masiasmaquinaria.com\/fr\/avis-legal\/","url":"https:\/\/masiasmaquinaria.com\/fr\/avis-legal\/","name":"Av\u00eds legal - Masias Maquinaria","isPartOf":{"@id":"https:\/\/masiasmaquinaria.com\/#website"},"datePublished":"2021-01-28T14:50:48+00:00","dateModified":"2026-03-25T15:27:21+00:00","breadcrumb":{"@id":"https:\/\/masiasmaquinaria.com\/fr\/avis-legal\/#breadcrumb"},"inLanguage":"fr-FR","potentialAction":[{"@type":"ReadAction","target":["https:\/\/masiasmaquinaria.com\/fr\/avis-legal\/"]}]},{"@type":"BreadcrumbList","@id":"https:\/\/masiasmaquinaria.com\/fr\/avis-legal\/#breadcrumb","itemListElement":[{"@type":"ListItem","position":1,"name":"Inici","item":"https:\/\/masiasmaquinaria.com\/"},{"@type":"ListItem","position":2,"name":"Av\u00eds legal"}]},{"@type":"WebSite","@id":"https:\/\/masiasmaquinaria.com\/#website","url":"https:\/\/masiasmaquinaria.com\/","name":"Masias Maquinaria","description":"Fiber filling technologies","publisher":{"@id":"https:\/\/masiasmaquinaria.com\/#organization"},"potentialAction":[{"@type":"SearchAction","target":{"@type":"EntryPoint","urlTemplate":"https:\/\/masiasmaquinaria.com\/?s={search_term_string}"},"query-input":{"@type":"PropertyValueSpecification","valueRequired":true,"valueName":"search_term_string"}}],"inLanguage":"fr-FR"},{"@type":"Organization","@id":"https:\/\/masiasmaquinaria.com\/#organization","name":"Masias Maquinaria","url":"https:\/\/masiasmaquinaria.com\/","logo":{"@type":"ImageObject","inLanguage":"fr-FR","@id":"https:\/\/masiasmaquinaria.com\/#\/schema\/logo\/image\/","url":"https:\/\/masiasmaquinaria.com\/wp-content\/uploads\/logomasias_landing.png","contentUrl":"https:\/\/masiasmaquinaria.com\/wp-content\/uploads\/logomasias_landing.png","width":201,"height":119,"caption":"Masias Maquinaria"},"image":{"@id":"https:\/\/masiasmaquinaria.com\/#\/schema\/logo\/image\/"}}]}},"_links":{"self":[{"href":"https:\/\/masiasmaquinaria.com\/fr\/wp-json\/wp\/v2\/pages\/1574","targetHints":{"allow":["GET"]}}],"collection":[{"href":"https:\/\/masiasmaquinaria.com\/fr\/wp-json\/wp\/v2\/pages"}],"about":[{"href":"https:\/\/masiasmaquinaria.com\/fr\/wp-json\/wp\/v2\/types\/page"}],"author":[{"embeddable":true,"href":"https:\/\/masiasmaquinaria.com\/fr\/wp-json\/wp\/v2\/users\/2"}],"replies":[{"embeddable":true,"href":"https:\/\/masiasmaquinaria.com\/fr\/wp-json\/wp\/v2\/comments?post=1574"}],"version-history":[{"count":0,"href":"https:\/\/masiasmaquinaria.com\/fr\/wp-json\/wp\/v2\/pages\/1574\/revisions"}],"wp:attachment":[{"href":"https:\/\/masiasmaquinaria.com\/fr\/wp-json\/wp\/v2\/media?parent=1574"}],"curies":[{"name":"wp","href":"https:\/\/api.w.org\/{rel}","templated":true}]}}