{"id":1468,"date":"2018-11-06T10:05:07","date_gmt":"2018-11-06T09:05:07","guid":{"rendered":"https:\/\/masiasmaquinaria.com\/fr\/cookies-policy\/"},"modified":"2026-03-25T16:31:03","modified_gmt":"2026-03-25T15:31:03","slug":"cookies-policy","status":"publish","type":"page","link":"https:\/\/masiasmaquinaria.com\/fr\/cookies-policy\/","title":{"rendered":"Politique de cookies"},"content":{"rendered":"\t\t<div data-elementor-type=\"wp-page\" data-elementor-id=\"1468\" class=\"elementor elementor-1468 elementor-1462\" data-elementor-post-type=\"page\">\n\t\t\t\t\t\t<section class=\"elementor-section elementor-top-section elementor-element elementor-element-5ea03ba8 elementor-section-boxed elementor-section-height-default elementor-section-height-default\" data-id=\"5ea03ba8\" data-element_type=\"section\">\n\t\t\t\t\t\t<div class=\"elementor-container elementor-column-gap-default\">\n\t\t\t\t\t<div class=\"elementor-column elementor-col-100 elementor-top-column elementor-element elementor-element-238d345a\" data-id=\"238d345a\" data-element_type=\"column\">\n\t\t\t<div class=\"elementor-widget-wrap elementor-element-populated\">\n\t\t\t\t\t\t<div class=\"elementor-element elementor-element-aa37457 elementor-widget elementor-widget-text-editor\" data-id=\"aa37457\" data-element_type=\"widget\" data-widget_type=\"text-editor.default\">\n\t\t\t\t<div class=\"elementor-widget-container\">\n\t\t\t\t\t\t\t\t\t<p>Notre site web utilise une technologie appel\u00e9e \u00ab cookie \u00bb afin de recueillir des informations sur l&rsquo;utilisation du site, d&rsquo;am\u00e9liorer l&rsquo;exp\u00e9rience utilisateur et d&rsquo;assurer son bon fonctionnement.<\/p><p><b>D\u00e9finition d&rsquo;un cookie<\/b><\/p><p>Un \u00ab cookie \u00bb est un petit fichier texte que les sites web envoient au navigateur et qui est stock\u00e9 sur le terminal de l&rsquo;utilisateur (ordinateur ou appareil mobile). Ces fichiers ont pour but de stocker des donn\u00e9es qui peuvent \u00eatre mises \u00e0 jour et r\u00e9cup\u00e9r\u00e9es par l&rsquo;entit\u00e9 responsable de leur installation. Ainsi, chaque fois que l&rsquo;utilisateur revient sur le m\u00eame site web, le navigateur r\u00e9cup\u00e8re le fichier et l&rsquo;envoie au serveur du site web. Les cookies ont plusieurs fonctions, notamment celle de collecter des informations sur les pr\u00e9f\u00e9rences de l&rsquo;utilisateur et de les m\u00e9moriser, et, de mani\u00e8re g\u00e9n\u00e9rale, de faciliter l&rsquo;utilisation du site web pour l&rsquo;utilisateur en rendant le site plus utile gr\u00e2ce \u00e0 la personnalisation de son contenu.<\/p><p>Les cookies peuvent \u00eatre class\u00e9s selon diff\u00e9rents param\u00e8tres :<\/p><p><b>1. &#8211; Propri\u00e9t\u00e9 :<\/b> <u>cookies propres et cookies tiers :<\/u> en fonction de l&rsquo;entit\u00e9 qui g\u00e8re le domaine \u00e0 partir duquel les cookies sont envoy\u00e9s et qui traite les donn\u00e9es obtenues.<\/p><p><b>2. &#8211; Dur\u00e9e :<\/b> <u>cookies de session et cookies persistants :<\/u> en fonction de la dur\u00e9e pendant laquelle ils restent stock\u00e9s sur le terminal de l&rsquo;utilisateur.<\/p><p><b>3. &#8211; Finalit\u00e9 : <\/b><u>cookies techniques, cookies de pr\u00e9f\u00e9rences ou de personnalisation, cookies d&rsquo;analyse ou de mesure et cookies de publicit\u00e9 comportementale<\/u>, en fonction de la finalit\u00e9 pour laquelle les donn\u00e9es obtenues sont trait\u00e9es.<\/p><p>\u00a7 <u>Cookies techniques :<\/u> ce sont ceux qui permettent \u00e0 l&rsquo;utilisateur de naviguer sur le site web ou l&rsquo;application et d&rsquo;utiliser les diff\u00e9rentes options ou services qui y sont propos\u00e9s. Par exemple, contr\u00f4ler le trafic et la communication des donn\u00e9es, identifier la session ou acc\u00e9der aux parties du site web \u00e0 acc\u00e8s restreint.<\/p><p>\u00a7 <u>Cookies de pr\u00e9f\u00e9rences ou de personnalisation :<\/u> ce sont ceux qui permettent de m\u00e9moriser des informations afin que l&rsquo;utilisateur acc\u00e8de au service avec certaines caract\u00e9ristiques susceptibles de diff\u00e9rencier son exp\u00e9rience de celle d&rsquo;autres utilisateurs, comme, par exemple, la langue, le nombre de r\u00e9sultats \u00e0 afficher lorsque l&rsquo;utilisateur effectue une recherche, l&rsquo;apparence ou le contenu du service en fonction du type de navigateur par lequel l&rsquo;utilisateur acc\u00e8de au service ou de la r\u00e9gion depuis laquelle il y acc\u00e8de, etc.<\/p><p>\u00a7 <u>Cookies d&rsquo;analyse ou de mesure :<\/u> ce sont ceux qui permettent \u00e0 leur responsable de suivre et d&rsquo;analyser le comportement des utilisateurs des sites web auxquels ils sont li\u00e9s, y compris la quantification de l&rsquo;impact des publicit\u00e9s. Les informations recueillies par ce type de cookies sont utilis\u00e9es pour mesurer l&rsquo;activit\u00e9 des sites web, de l&rsquo;application ou de la plateforme, afin d&rsquo;apporter des am\u00e9liorations en fonction de l&rsquo;analyse des donn\u00e9es d&rsquo;utilisation des utilisateurs du service.<\/p><p>\u00a7 <u>Cookies publicitaires comportementaux<\/u> : ce sont ceux qui stockent des informations sur le comportement des utilisateurs obtenues par l&rsquo;observation continue de leurs habitudes de navigation, ce qui permet de d\u00e9velopper un profil sp\u00e9cifique pour afficher de la publicit\u00e9 en fonction de ce profil.<\/p><p>\u00a0<\/p><p><b>Cookies utilis\u00e9s sur notre site web<\/b><\/p><p>Notre site web utilise \u00e0 la fois des cookies propres, qui sont envoy\u00e9s \u00e0 votre ordinateur et g\u00e9r\u00e9s exclusivement par nous pour le meilleur fonctionnement du site web, et des cookies tiers, qui nous servent d&rsquo;outil d&rsquo;analyse de l&rsquo;interaction des utilisateurs avec notre site web. Gr\u00e2ce \u00e0 eux, nous obtenons des informations qui peuvent aider \u00e0 am\u00e9liorer la navigation et \u00e0 offrir un meilleur service aux utilisateurs et aux clients.<\/p><p>Notre site web utilise \u00e0 la fois des cookies de session temporaires et des cookies persistants. Les cookies de session stockent des donn\u00e9es uniquement pendant que l&rsquo;utilisateur acc\u00e8de au site web, tandis que les cookies persistants stockent les donn\u00e9es sur le terminal afin qu&rsquo;elles puissent \u00eatre consult\u00e9es et utilis\u00e9es au-del\u00e0 d&rsquo;une seule session.<\/p><p>Concr\u00e8tement, les cookies utilis\u00e9s sur notre site web qui ne sont ni techniques ni de personnalisation, et qui n\u00e9cessitent donc le consentement de l&rsquo;utilisateur, sont les suivants :<\/p><p><b>Nom<\/b> <b>Propri\u00e9taire<\/b> <b>Finalit\u00e9<\/b> <b>Dur\u00e9e<\/b><\/p><p>_ga .masiasmaquinaria.com Analytique : install\u00e9 par Google Analytics, il calcule les donn\u00e9es relatives aux visiteurs, aux sessions et aux campagnes, et effectue \u00e9galement un suivi de l&rsquo;utilisation du site pour le rapport analytique du site. Le cookie stocke des informations de mani\u00e8re anonyme et attribue un num\u00e9ro g\u00e9n\u00e9r\u00e9 al\u00e9atoirement pour reconna\u00eetre les visiteurs uniques. 1 an et 35 jours<\/p><p>_gat_gtag .masiasmaquinaria.com Analytique : install\u00e9 par Google pour distinguer les utilisateurs 1 minute<\/p><p>\u00a0<\/p><p>gid .masiasmaquinaria.com Analytique : install\u00e9 par Google Analytics, le cookie _gid stocke des informations sur la mani\u00e8re dont les visiteurs utilisent un site web, tout en cr\u00e9ant un rapport analytique sur les performances du site web. Certaines des donn\u00e9es collect\u00e9es comprennent le nombre de visiteurs, leur source et les pages qu&rsquo;ils visitent de mani\u00e8re anonyme. 1 jour<\/p><p>VISITOR_INFO1_LIVEYSC <a href=\"https:\/\/www.google.es\/intl\/es\/policies\/technologies\/types\/\">Google LLC.<\/a> (YouTube) \u00a7 Stocke les pr\u00e9f\u00e9rences de l&rsquo;utilisateur, en l&rsquo;identifiant lors du visionnage de vid\u00e9os YouTube. VISITOR_INFO1_LIVE : 9 mois YSC : 1 minute<\/p><p>\u00a0<\/p><p>Pour plus d&rsquo;informations sur les cookies tiers, vous pouvez cliquer sur <a href=\"https:\/\/developers.google.com\/analytics\/devguides\/collection\/analyticsjs\/cookie-usage?hl=es\">Google Analytics ;<\/a> <a href=\"https:\/\/policies.google.com\/technologies\/cookies?hl=es&amp;gl=es#types-of-cookies\">Google LLC.<\/a> ;<\/p><p>Enfin, des cookies de plug-in sont \u00e9galement utilis\u00e9s pour partager des contenus sociaux.<\/p><p><b>Consentement<\/b><\/p><p>Le consentement \u00e0 l&rsquo;utilisation des cookies susmentionn\u00e9s, pour les dur\u00e9es indiqu\u00e9es et selon les conditions contenues dans la pr\u00e9sente Politique de cookies, sera obtenu par l&rsquo;acceptation de la notification initiale d&rsquo;information sur les cookies qui s&rsquo;affiche au moment du chargement de notre site web.<\/p><p>L&rsquo;utilisation des cookies analytiques de Google (y compris les cookies de YouTube) implique un transfert de donn\u00e9es vers ces soci\u00e9t\u00e9s situ\u00e9es aux \u00c9tats-Unis d&rsquo;Am\u00e9rique. Les \u00c9tats-Unis et l&rsquo;Union europ\u00e9enne ont conclu un accord-cadre sur la protection de la vie priv\u00e9e approuv\u00e9 par la d\u00e9cision d&rsquo;ex\u00e9cution de la Commission du 10 juillet 2023, conform\u00e9ment au r\u00e8glement (UE) 2016\/679 du Parlement europ\u00e9en et du Conseil. Vous trouverez plus d&rsquo;informations dans la politique de confidentialit\u00e9 de<a href=\"https:\/\/policies.google.com\/privacy?hl=es\"> Google<\/a><\/p><p><b>Retrait du consentement<\/b><\/p><p>L&rsquo;utilisateur peut retirer son consentement \u00e0 l&rsquo;utilisation des cookies \u00e0 tout moment. Pour ce faire, il peut utiliser le bouton pr\u00e9vu \u00e0 cet effet sur le site web ou supprimer les cookies de son navigateur.<\/p><p><b>Comment d\u00e9sactiver les cookies dans les principaux navigateurs ?<\/b><\/p><p>Bien que cela puisse varier l\u00e9g\u00e8rement d&rsquo;une version de navigateur \u00e0 l&rsquo;autre, les param\u00e8tres de la politique en mati\u00e8re de cookies pour les navigateurs les plus utilis\u00e9s sont les suivants :<\/p><p>\u00b7 <a href=\"https:\/\/support.microsoft.com\/es-es\/help\/4468242\/microsoft-edge-browsing-data-and-privacy-microsoft-privacy\">Edge<\/a><\/p><p>\u00b7 <a href=\"https:\/\/support.mozilla.org\/es\/kb\/clear-cookies-and-site-data-firefox\">FireFox<\/a><\/p><p>\u00b7 <a href=\"https:\/\/support.google.com\/chrome\/answer\/95647?hl=es\">Chrome<\/a><\/p><p>\u00b7 <a href=\"https:\/\/support.apple.com\/es-es\/guide\/safari\/manage-cookies-and-website-data-sfri11471\/mac\">Safari (mac)<\/a><\/p><p>\u00b7 <a href=\"https:\/\/support.apple.com\/es-es\/HT201265\">Safari (iPhone\/iPad)<\/a><\/p><p>\u00b7 <a href=\"https:\/\/help.opera.com\/en\/latest\/web-preferences\/#cookies\">Opera<\/a><\/p><p>De plus, vous pouvez \u00e9galement g\u00e9rer le stockage des cookies dans votre navigateur \u00e0 l&rsquo;aide d&rsquo;outils tels que les suivants :<\/p><p>\u00a7 <a href=\"https:\/\/www.youronlinechoices.com\/es\/\">Your online choices<\/a><\/p><p>\u00a7 <a href=\"https:\/\/www.ghostery.com\/\">Ghostery<\/a><\/p><p><b>Mise \u00e0 jour de la politique en mati\u00e8re de cookies<\/b><\/p><p>Ce site web peut modifier la pr\u00e9sente politique en mati\u00e8re de cookies. Nous vous recommandons donc de la consulter chaque fois que vous acc\u00e9dez \u00e0 notre site web afin d&rsquo;\u00eatre correctement inform\u00e9 de l&rsquo;utilisation que nous faisons des cookies.<\/p><p>Derni\u00e8re mise \u00e0 jour : 10 mars 2026<\/p>\t\t\t\t\t\t\t\t<\/div>\n\t\t\t\t<\/div>\n\t\t\t\t\t<\/div>\n\t\t<\/div>\n\t\t\t\t\t<\/div>\n\t\t<\/section>\n\t\t\t\t<\/div>\n\t\t","protected":false},"excerpt":{"rendered":"<p>Notre site web utilise une technologie appel\u00e9e \u00ab cookie \u00bb afin de recueillir des informations sur l&rsquo;utilisation du site, d&rsquo;am\u00e9liorer l&rsquo;exp\u00e9rience utilisateur et d&rsquo;assurer son bon fonctionnement. D\u00e9finition d&rsquo;un cookie Un \u00ab cookie \u00bb est un petit fichier texte que les sites web envoient au navigateur et qui est stock\u00e9 sur le terminal de l&rsquo;utilisateur [&hellip;]<\/p>\n","protected":false},"author":2,"featured_media":0,"parent":0,"menu_order":89,"comment_status":"closed","ping_status":"closed","template":"","meta":{"om_disable_all_campaigns":false,"_monsterinsights_skip_tracking":false,"_monsterinsights_sitenote_active":false,"_monsterinsights_sitenote_note":"","_monsterinsights_sitenote_category":0,"footnotes":""},"class_list":["post-1468","page","type-page","status-publish","hentry"],"yoast_head":"<!-- This site is optimized with the Yoast SEO plugin v27.2 - https:\/\/yoast.com\/product\/yoast-seo-wordpress\/ -->\n<title>Politique de cookies - Masias Maquinaria<\/title>\n<meta name=\"robots\" content=\"noindex, nofollow\" \/>\n<meta property=\"og:locale\" content=\"fr_FR\" \/>\n<meta property=\"og:type\" content=\"article\" \/>\n<meta property=\"og:title\" content=\"Politique de cookies - Masias Maquinaria\" \/>\n<meta property=\"og:description\" content=\"Notre site web utilise une technologie appel\u00e9e \u00ab cookie \u00bb afin de recueillir des informations sur l&rsquo;utilisation du site, d&rsquo;am\u00e9liorer l&rsquo;exp\u00e9rience utilisateur et d&rsquo;assurer son bon fonctionnement. D\u00e9finition d&rsquo;un cookie Un \u00ab cookie \u00bb est un petit fichier texte que les sites web envoient au navigateur et qui est stock\u00e9 sur le terminal de l&rsquo;utilisateur [&hellip;]\" \/>\n<meta property=\"og:url\" content=\"https:\/\/masiasmaquinaria.com\/fr\/cookies-policy\/\" \/>\n<meta property=\"og:site_name\" content=\"Masias Maquinaria\" \/>\n<meta property=\"article:modified_time\" content=\"2026-03-25T15:31:03+00:00\" \/>\n<meta name=\"twitter:card\" content=\"summary_large_image\" \/>\n<meta name=\"twitter:label1\" content=\"Dur\u00e9e de lecture estim\u00e9e\" \/>\n\t<meta name=\"twitter:data1\" content=\"6 minutes\" \/>\n<script type=\"application\/ld+json\" class=\"yoast-schema-graph\">{\"@context\":\"https:\/\/schema.org\",\"@graph\":[{\"@type\":\"WebPage\",\"@id\":\"https:\/\/masiasmaquinaria.com\/fr\/cookies-policy\/\",\"url\":\"https:\/\/masiasmaquinaria.com\/fr\/cookies-policy\/\",\"name\":\"Politique de cookies - Masias Maquinaria\",\"isPartOf\":{\"@id\":\"https:\/\/masiasmaquinaria.com\/#website\"},\"datePublished\":\"2018-11-06T09:05:07+00:00\",\"dateModified\":\"2026-03-25T15:31:03+00:00\",\"breadcrumb\":{\"@id\":\"https:\/\/masiasmaquinaria.com\/fr\/cookies-policy\/#breadcrumb\"},\"inLanguage\":\"fr-FR\",\"potentialAction\":[{\"@type\":\"ReadAction\",\"target\":[\"https:\/\/masiasmaquinaria.com\/fr\/cookies-policy\/\"]}]},{\"@type\":\"BreadcrumbList\",\"@id\":\"https:\/\/masiasmaquinaria.com\/fr\/cookies-policy\/#breadcrumb\",\"itemListElement\":[{\"@type\":\"ListItem\",\"position\":1,\"name\":\"Inici\",\"item\":\"https:\/\/masiasmaquinaria.com\/\"},{\"@type\":\"ListItem\",\"position\":2,\"name\":\"Politique de cookies\"}]},{\"@type\":\"WebSite\",\"@id\":\"https:\/\/masiasmaquinaria.com\/#website\",\"url\":\"https:\/\/masiasmaquinaria.com\/\",\"name\":\"Masias Maquinaria\",\"description\":\"Fiber filling technologies\",\"publisher\":{\"@id\":\"https:\/\/masiasmaquinaria.com\/#organization\"},\"potentialAction\":[{\"@type\":\"SearchAction\",\"target\":{\"@type\":\"EntryPoint\",\"urlTemplate\":\"https:\/\/masiasmaquinaria.com\/?s={search_term_string}\"},\"query-input\":{\"@type\":\"PropertyValueSpecification\",\"valueRequired\":true,\"valueName\":\"search_term_string\"}}],\"inLanguage\":\"fr-FR\"},{\"@type\":\"Organization\",\"@id\":\"https:\/\/masiasmaquinaria.com\/#organization\",\"name\":\"Masias Maquinaria\",\"url\":\"https:\/\/masiasmaquinaria.com\/\",\"logo\":{\"@type\":\"ImageObject\",\"inLanguage\":\"fr-FR\",\"@id\":\"https:\/\/masiasmaquinaria.com\/#\/schema\/logo\/image\/\",\"url\":\"https:\/\/masiasmaquinaria.com\/wp-content\/uploads\/logomasias_landing.png\",\"contentUrl\":\"https:\/\/masiasmaquinaria.com\/wp-content\/uploads\/logomasias_landing.png\",\"width\":201,\"height\":119,\"caption\":\"Masias Maquinaria\"},\"image\":{\"@id\":\"https:\/\/masiasmaquinaria.com\/#\/schema\/logo\/image\/\"}}]}<\/script>\n<!-- \/ Yoast SEO plugin. -->","yoast_head_json":{"title":"Politique de cookies - Masias Maquinaria","robots":{"index":"noindex","follow":"nofollow"},"og_locale":"fr_FR","og_type":"article","og_title":"Politique de cookies - Masias Maquinaria","og_description":"Notre site web utilise une technologie appel\u00e9e \u00ab cookie \u00bb afin de recueillir des informations sur l&rsquo;utilisation du site, d&rsquo;am\u00e9liorer l&rsquo;exp\u00e9rience utilisateur et d&rsquo;assurer son bon fonctionnement. D\u00e9finition d&rsquo;un cookie Un \u00ab cookie \u00bb est un petit fichier texte que les sites web envoient au navigateur et qui est stock\u00e9 sur le terminal de l&rsquo;utilisateur [&hellip;]","og_url":"https:\/\/masiasmaquinaria.com\/fr\/cookies-policy\/","og_site_name":"Masias Maquinaria","article_modified_time":"2026-03-25T15:31:03+00:00","twitter_card":"summary_large_image","twitter_misc":{"Dur\u00e9e de lecture estim\u00e9e":"6 minutes"},"schema":{"@context":"https:\/\/schema.org","@graph":[{"@type":"WebPage","@id":"https:\/\/masiasmaquinaria.com\/fr\/cookies-policy\/","url":"https:\/\/masiasmaquinaria.com\/fr\/cookies-policy\/","name":"Politique de cookies - Masias Maquinaria","isPartOf":{"@id":"https:\/\/masiasmaquinaria.com\/#website"},"datePublished":"2018-11-06T09:05:07+00:00","dateModified":"2026-03-25T15:31:03+00:00","breadcrumb":{"@id":"https:\/\/masiasmaquinaria.com\/fr\/cookies-policy\/#breadcrumb"},"inLanguage":"fr-FR","potentialAction":[{"@type":"ReadAction","target":["https:\/\/masiasmaquinaria.com\/fr\/cookies-policy\/"]}]},{"@type":"BreadcrumbList","@id":"https:\/\/masiasmaquinaria.com\/fr\/cookies-policy\/#breadcrumb","itemListElement":[{"@type":"ListItem","position":1,"name":"Inici","item":"https:\/\/masiasmaquinaria.com\/"},{"@type":"ListItem","position":2,"name":"Politique de cookies"}]},{"@type":"WebSite","@id":"https:\/\/masiasmaquinaria.com\/#website","url":"https:\/\/masiasmaquinaria.com\/","name":"Masias Maquinaria","description":"Fiber filling technologies","publisher":{"@id":"https:\/\/masiasmaquinaria.com\/#organization"},"potentialAction":[{"@type":"SearchAction","target":{"@type":"EntryPoint","urlTemplate":"https:\/\/masiasmaquinaria.com\/?s={search_term_string}"},"query-input":{"@type":"PropertyValueSpecification","valueRequired":true,"valueName":"search_term_string"}}],"inLanguage":"fr-FR"},{"@type":"Organization","@id":"https:\/\/masiasmaquinaria.com\/#organization","name":"Masias Maquinaria","url":"https:\/\/masiasmaquinaria.com\/","logo":{"@type":"ImageObject","inLanguage":"fr-FR","@id":"https:\/\/masiasmaquinaria.com\/#\/schema\/logo\/image\/","url":"https:\/\/masiasmaquinaria.com\/wp-content\/uploads\/logomasias_landing.png","contentUrl":"https:\/\/masiasmaquinaria.com\/wp-content\/uploads\/logomasias_landing.png","width":201,"height":119,"caption":"Masias Maquinaria"},"image":{"@id":"https:\/\/masiasmaquinaria.com\/#\/schema\/logo\/image\/"}}]}},"_links":{"self":[{"href":"https:\/\/masiasmaquinaria.com\/fr\/wp-json\/wp\/v2\/pages\/1468","targetHints":{"allow":["GET"]}}],"collection":[{"href":"https:\/\/masiasmaquinaria.com\/fr\/wp-json\/wp\/v2\/pages"}],"about":[{"href":"https:\/\/masiasmaquinaria.com\/fr\/wp-json\/wp\/v2\/types\/page"}],"author":[{"embeddable":true,"href":"https:\/\/masiasmaquinaria.com\/fr\/wp-json\/wp\/v2\/users\/2"}],"replies":[{"embeddable":true,"href":"https:\/\/masiasmaquinaria.com\/fr\/wp-json\/wp\/v2\/comments?post=1468"}],"version-history":[{"count":0,"href":"https:\/\/masiasmaquinaria.com\/fr\/wp-json\/wp\/v2\/pages\/1468\/revisions"}],"wp:attachment":[{"href":"https:\/\/masiasmaquinaria.com\/fr\/wp-json\/wp\/v2\/media?parent=1468"}],"curies":[{"name":"wp","href":"https:\/\/api.w.org\/{rel}","templated":true}]}}