{"id":791,"date":"2015-07-13T08:10:28","date_gmt":"2015-07-13T08:10:28","guid":{"rendered":"http:\/\/masiasmaquinaria.com\/es\/privacitat-i-termes-dus\/"},"modified":"2026-03-25T16:20:15","modified_gmt":"2026-03-25T15:20:15","slug":"privacidad-y-terminos-de-uso","status":"publish","type":"page","link":"https:\/\/masiasmaquinaria.com\/es\/privacidad-y-terminos-de-uso\/","title":{"rendered":"Pol\u00edtica de privacidad"},"content":{"rendered":"\t\t<div data-elementor-type=\"wp-page\" data-elementor-id=\"791\" class=\"elementor elementor-791 elementor-2\" data-elementor-post-type=\"page\">\n\t\t\t\t\t\t<section class=\"elementor-section elementor-top-section elementor-element elementor-element-1631f9bc elementor-section-boxed elementor-section-height-default elementor-section-height-default\" data-id=\"1631f9bc\" data-element_type=\"section\">\n\t\t\t\t\t\t<div class=\"elementor-container elementor-column-gap-default\">\n\t\t\t\t\t<div class=\"elementor-column elementor-col-100 elementor-top-column elementor-element elementor-element-32470f3e\" data-id=\"32470f3e\" data-element_type=\"column\">\n\t\t\t<div class=\"elementor-widget-wrap elementor-element-populated\">\n\t\t\t\t\t\t<div class=\"elementor-element elementor-element-48ec537b elementor-widget elementor-widget-text-editor\" data-id=\"48ec537b\" data-element_type=\"widget\" data-widget_type=\"text-editor.default\">\n\t\t\t\t<div class=\"elementor-widget-container\">\n\t\t\t\t\t\t\t\t\t<p>MASIAS MAQUINARIA, SL se compromete a proteger la privacidad de los usuarios que accedan a esta web y\/o cualquiera de sus servicios. La utilizaci\u00f3n de la web y\/o de cualquiera de los servicios ofrecidos por MASIAS MAQUINARIA, SL \u00a0implica la aceptaci\u00f3n por el usuario de las disposiciones contenidas en la presente Pol\u00edtica de Privacidad y que sus datos personales sean tratados seg\u00fan se estipula en ella. Por favor, tenga en cuenta que a pesar de que pueda haber enlaces de nuestra web a otras webs o redes sociales, esta Pol\u00edtica de Privacidad no se aplica a las webs de otras compa\u00f1\u00edas u organizaciones a las que la web est\u00e9 redirigida. MASIAS MAQUINARIA, SL no controla el contenido de las webs de terceros, ni acepta cualquier responsabilidad por el contenido o las pol\u00edticas de privacidad de estas webs.<\/p><p><strong>\u00a0<\/strong><\/p><p><strong>Informaci\u00f3n b\u00e1sica sobre el tratamiento de datos (Reglamento (UE) 2016\/679 y LO 3\/2018)<\/strong><\/p><p><strong>\u00a0<\/strong><\/p><table width=\"643\"><tbody><tr><td width=\"142\"><p>Responsable del tratamiento<\/p><\/td><td width=\"501\"><p>MASIAS MAQUINARIA, SL<\/p><p>NIF: B17479809<\/p><p>Major Santa Magdalena, 1\u00a0 17857\u00a0 Sant Joan Les Fonts<\/p><p>Email: compliance@masias.com<\/p><\/td><\/tr><tr><td width=\"142\"><p>Finalidad del tratamiento<\/p><\/td><td width=\"501\"><p>Ofrecer y gestionar nuestros servicios de producci\u00f3n de maquinaria industrial.<\/p><\/td><\/tr><tr><td width=\"142\"><p>Legitimaci\u00f3n<\/p><\/td><td width=\"501\"><p>&#8211;\u00a0\u00a0 Consentimiento obtenido del interesado cuando nos solicita informaci\u00f3n.<\/p><p>&#8211;\u00a0\u00a0 Ejecuci\u00f3n del contrato de servicios cuando contrata con nosotros.<\/p><\/td><\/tr><tr><td width=\"142\"><p>Destinatarios<\/p><\/td><td width=\"501\"><p>Los datos no ser\u00e1n comunicados a terceros, salvo que lo exija una Ley o sea necesario para cumplir con la finalidad del tratamiento.<\/p><\/td><\/tr><tr><td width=\"142\"><p>Derechos de las personas<\/p><\/td><td width=\"501\"><p>Los interesados tienen derecho a ejercer los derechos de acceso, rectificaci\u00f3n, limitaci\u00f3n de tratamiento, supresi\u00f3n, portabilidad y oposici\u00f3n, enviando su solicitud a nuestra direcci\u00f3n.<\/p><\/td><\/tr><tr><td width=\"142\"><p>Plazo de conservaci\u00f3n de los datos<\/p><\/td><td width=\"501\"><p>Mientras se mantenga la relaci\u00f3n comercial o durante los a\u00f1os necesarios para cumplir con las obligaciones legales.<\/p><\/td><\/tr><tr><td width=\"142\"><p>Reclamaci\u00f3n<\/p><\/td><td width=\"501\"><p>Los interesados pueden dirigirse a la AEPD para presentar la reclamaci\u00f3n que considere oportuna.<\/p><\/td><\/tr><tr><td width=\"142\"><p>Informaci\u00f3n adicional<\/p><\/td><td width=\"501\"><p>Puede consultar la informaci\u00f3n adicional y detallada a continuaci\u00f3n en las \u00abPreguntas sobre privacidad\u00bb.<\/p><\/td><\/tr><\/tbody><\/table><p><strong>\u00a0<\/strong><\/p><p>\u00a0<\/p><p><strong><u>Preguntas sobre privacidad<\/u><\/strong><\/p><p>En cumplimiento del Reglamento (UE) 2016\/679 del Parlamento Europeo y del Consejo, de 27 de abril de 2016, (RGPD), y la Ley Org\u00e1nica 3\/2018, de 5 de diciembre, de Protecci\u00f3n de Datos Personales y garant\u00eda de los derechos digitales (LOPDGDD), le ofrecemos la siguiente informaci\u00f3n sobre el tratamiento de sus datos personales:<\/p><p><strong>\u00a0<\/strong><\/p><p><strong>\u00bfQui\u00e9n es el responsable del tratamiento de sus datos?<\/strong><\/p><p>Identidad: MASIAS MAQUINARIA, SL<\/p><p>NIF: B17479809<\/p><p>Direcci\u00f3n: Major Santa Magdalena, 1\u00a0 17857\u00a0 Sant Joan Les Fonts<\/p><p>Tel.: 972 29 31 50<\/p><p>Email: compliance@masias.com<\/p><p>\u00a0<\/p><p><strong>\u00bfCon qu\u00e9 finalidad tratamos sus datos personales?<\/strong><\/p><ul><li>Tratamos la informaci\u00f3n que se nos facilita para gestionar nuestros servicios de producci\u00f3n de maquinaria industrial.<\/li><li>En el caso de que se ponga en contacto con nosotros a trav\u00e9s del formulario de contacto de nuestra p\u00e1gina web, los trataremos para gestionar su consulta.<\/li><li>Tambi\u00e9n podremos utilizar sus datos para informarle sobre nuestras actividades, productos o servicios cuando usted ya sea cliente nuestro o, si no lo es, cuando nos haya proporcionado su consentimiento para hacerlo.<\/li><li>Al acceder a nuestras instalaciones su imagen puede ser registrada mediante c\u00e1maras de videovigilancia con fines de control de seguridad.<\/li><li>Si nos env\u00eda un curr\u00edculum, trataremos los datos con el fin de gestionar la base de CV &#8216;s para la selecci\u00f3n de personal.<\/li><\/ul><p><strong>\u00a0<\/strong><\/p><p><strong>\u00bfCu\u00e1nto tiempo conservaremos sus datos?<\/strong><\/p><p>Los datos personales proporcionados se conservar\u00e1n mientras sea usuario de nuestros servicios o quiera recibir informaci\u00f3n, dado que puede oponerse al tratamiento de sus datos con fines promocionales, cuando nos los facilite o en cualquier momento posterior, comunic\u00e1ndonoslo al correo compliance@masias.com, \u00a0y luego, durante los plazos establecidos para cumplir con nuestras obligaciones legales, que en el caso documentaci\u00f3n contable y fiscal a efectos mercantiles ser\u00e1n 6 a\u00f1os, de conformidad con el Art. 30 del C\u00f3digo Comercio, y a efectos fiscales ser\u00e1n 4 a\u00f1os, de acuerdo con los art\u00edculos 66 a 70 de la Ley General Tributaria.<\/p><ul><li>Las im\u00e1genes captadas por el sistema de videovigilancia se conservar\u00e1n durante un mes.<\/li><li>En el caso de los curr\u00edculums los datos se conservar\u00e1n durante un a\u00f1o.<\/li><\/ul><p>\u00a0<\/p><p><strong>\u00bfCu\u00e1l es la legitimaci\u00f3n para el tratamiento de sus datos?<\/strong><\/p><p>Para la gesti\u00f3n de la relaci\u00f3n contractual con el interesado basaremos el tratamiento de los datos en la ejecuci\u00f3n del contrato o en el marco de la relaci\u00f3n precontractual.<\/p><p>\u00a0<\/p><p>Para el env\u00edo de informaci\u00f3n comercial basaremos el tratamiento en su consentimiento, aunque si ya es cliente nuestro, podremos enviarle informaci\u00f3n sobre nuestros productos y servicios, proporcionando siempre un medio sencillo y gratuito para darse de baja, de acuerdo con lo dispuesto en el art\u00edculo 21.2 de la Ley 34\/2002, de 11 de julio, de servicios de la sociedad de la informaci\u00f3n y de comercio electr\u00f3nico.<\/p><p>\u00a0<\/p><p>En cuanto a la recogida de datos en la captaci\u00f3n de im\u00e1genes por el sistema de videovigilancia, la legitimaci\u00f3n viene dada por el inter\u00e9s leg\u00edtimo de preservar la seguridad de las personas y bienes.<\/p><p>\u00a0<\/p><p><strong>\u00bfA qu\u00e9 destinatarios se comunicar\u00e1n sus datos?<\/strong><\/p><p>Los datos no ser\u00e1n comunicados a terceros, salvo que lo exija una Ley o sea necesario para cumplir con la finalidad del tratamiento.<\/p><p>\u00a0<\/p><p><strong>\u00bfCu\u00e1les son sus derechos cuando nos facilita sus datos?<\/strong><\/p><ul><li>Cualquier persona tiene derecho a obtener confirmaci\u00f3n sobre si estamos tratando o no sus datos personales.<\/li><li>Los interesados tienen derecho a <strong>acceder <\/strong>a sus datos personales, as\u00ed como a solicitar la <strong>rectificaci\u00f3n<\/strong> de los datos inexactos o, en su caso, solicitar su <strong>supresi\u00f3n <\/strong>cuando, entre otros motivos, los datos ya no sean necesarios para las finalidades para las que se recogieron.<\/li><li>En determinadas circunstancias los interesados podr\u00e1n solicitar la <strong>limitaci\u00f3n del tratamiento <\/strong>de sus datos, en este caso \u00fanicamente los conservaremos para el ejercicio o la defensa de reclamaciones.<\/li><li>Tambi\u00e9n, en determinadas circunstancias y por motivos relacionados con su situaci\u00f3n particular, los interesados pueden <strong>oponerse al tratamiento<\/strong> de sus datos. En este caso dejaremos de tratar los datos, excepto por motivos leg\u00edtimos imperiosos o para el ejercicio o la defensa de posibles reclamaciones.<\/li><li>Los interesados tambi\u00e9n tienen derecho a la <strong>portabilidad <\/strong>de sus datos.<\/li><li>Todo interesado tendr\u00e1 derecho a <strong>no ser objeto de una decisi\u00f3n basada \u00fanicamente en el tratamiento automatizado,<\/strong> incluida la elaboraci\u00f3n de perfiles, que produzca efectos jur\u00eddicos en \u00e9l o le afecte significativamente de modo similar.<\/li><li>Finalmente, los interesados tienen derecho a presentar una reclamaci\u00f3n ante la Autoridad de Control competente.<\/li><\/ul><p>\u00a0<\/p><p>\u00a0<strong>\u00bfC\u00f3mo puede ejercer sus derechos?<\/strong><\/p><p>Enviando un escrito adjuntando una copia de un documento que lo identifique, a nuestra direcci\u00f3n f\u00edsica o la electr\u00f3nica.<\/p><p><strong>\u00a0<\/strong><\/p><p><strong>\u00bfC\u00f3mo hemos obtenido sus datos?<\/strong><\/p><p>Los datos personales que tratamos proceden del propio interesado. El interesado garantiza que los datos personales facilitados son ciertos y se hace responsable de comunicar cualquier modificaci\u00f3n de estos. Los datos que est\u00e9n marcados con un asterisco ser\u00e1n obligatorios para poder darle el servicio solicitado.<\/p><p><strong>\u00a0<\/strong><\/p><p><strong>\u00bfQu\u00e9 datos tratamos?<\/strong><\/p><p>Las categor\u00edas de datos que podemos tratar en la prestaci\u00f3n de nuestros servicios son:<\/p><ul><li>Datos de car\u00e1cter identificativo<\/li><li>Direcciones postales o electr\u00f3nicas<\/li><\/ul><p>En el caso de los curr\u00edculos, tambi\u00e9n:<\/p><ul><li>Caracter\u00edsticas personales<\/li><li>Acad\u00e9micos y profesionales<\/li><\/ul><p>\u00a0<\/p><p>Los datos son limitados, dado que \u00fanicamente tratamos los datos necesarios para la prestaci\u00f3n de nuestros servicios y la gesti\u00f3n de nuestra actividad.<\/p><p><strong>\u00a0<\/strong><\/p><p><strong>\u00bfRealizamos transferencias internacionales de datos?<\/strong><\/p><p>\u00a0<\/p><p>Para el env\u00edo de comunicaciones comerciales utilizamos el servicio <em>MailChimp<\/em> que proporciona la empresa <em>The Rocket Science Group, LLC<\/em>, ubicada en Estados Unidos. La transferencia internacional de datos est\u00e1 basada en las Cl\u00e1usulas Contractuales Tipo para procesadores aprobadas por la Comisi\u00f3n Europea, y en la Decisi\u00f3n de Ejecuci\u00f3n de la Comisi\u00f3n de 10.7.2023 de acuerdo con el Reglamento (UE) 2016\/679 del Parlamento Europeo y del Consejo, sobre el adecuado nivel de protecci\u00f3n de los datos personales en virtud del acuerdo Marco de Privacidad de datos UE-EE.UU.<\/p><p>\u00a0<\/p><p>\u00a0<\/p><p>El empleo de cookies anal\u00edticas de Google (incluidas las cookies de youtube) implica una transmisi\u00f3n de datos a estas compa\u00f1\u00edas ubicadas en los Estados Unidos de Am\u00e9rica. Los Estados Unidos y la Uni\u00f3n Europea tienen un acuerdo Marco de Privacidad aprobado por la Decisi\u00f3n de Ejecuci\u00f3n de la Comisi\u00f3n de 10.7.2023 de acuerdo con el Reglamento (UE) 2016\/679 del Parlamento Europeo y del Consejo. Puede encontrar m\u00e1s informaci\u00f3n en la pol\u00edtica de privacidad de<a href=\"https:\/\/policies.google.com\/privacy?hl=es\"> Google<\/a><\/p><p><strong>\u00a0<\/strong><\/p><p><strong>\u00bfUsamos cookies?<\/strong><\/p><p>Utilizamos cookies durante la navegaci\u00f3n en nuestra web con el consentimiento del usuario.<\/p><p>El usuario puede configurar su navegador para ser avisado de la utilizaci\u00f3n de cookies y para evitar su uso. Por favor, visite nuestra pol\u00edtica de cookies.<\/p><p>\u00a0<\/p><p>\u00a0<strong>\u00bfQu\u00e9 medidas de seguridad aplicamos?<\/strong><\/p><p>Aplicamos las medidas de seguridad establecidas en el art\u00edculo 32 del RGPD, por tanto, hemos adoptado las medidas de seguridad necesarias para garantizar un nivel de seguridad adecuado al riesgo del tratamiento de datos que realizamos, con mecanismos que nos permiten garantizar la confidencialidad, integridad, disponibilidad y resiliencia permanente de los sistemas y servicios de tratamiento.<\/p><p>\u00a0<\/p><p>Algunas de estas medidas son:<\/p><ul><li>Informaci\u00f3n de las pol\u00edticas de tratamiento de datos al personal.<\/li><li>Realizaci\u00f3n de copias de seguridad peri\u00f3dicas.<\/li><li>Control de acceso a los datos.<\/li><li>Procesos de verificaci\u00f3n, evaluaci\u00f3n y valoraci\u00f3n regulares.<\/li><\/ul><p>\u00a0<\/p><p><strong>\u00bfC\u00f3mo tratamos los datos por cuenta de terceros?<\/strong><\/p><p>La tipolog\u00eda de datos, la categor\u00eda de interesados y los tratamientos que podremos realizar por cuenta de nuestros clientes, se establecer\u00e1n en el correspondiente contrato de tratamiento de datos.<\/p>\t\t\t\t\t\t\t\t<\/div>\n\t\t\t\t<\/div>\n\t\t\t\t\t<\/div>\n\t\t<\/div>\n\t\t\t\t\t<\/div>\n\t\t<\/section>\n\t\t\t\t<\/div>\n\t\t","protected":false},"excerpt":{"rendered":"<p>MASIAS MAQUINARIA, SL se compromete a proteger la privacidad de los usuarios que accedan a esta web y\/o cualquiera de sus servicios. La utilizaci\u00f3n de la web y\/o de cualquiera de los servicios ofrecidos por MASIAS MAQUINARIA, SL \u00a0implica la aceptaci\u00f3n por el usuario de las disposiciones contenidas en la presente Pol\u00edtica de Privacidad y [&hellip;]<\/p>\n","protected":false},"author":2,"featured_media":0,"parent":0,"menu_order":84,"comment_status":"open","ping_status":"closed","template":"","meta":{"om_disable_all_campaigns":false,"_monsterinsights_skip_tracking":false,"_monsterinsights_sitenote_active":false,"_monsterinsights_sitenote_note":"","_monsterinsights_sitenote_category":0,"footnotes":""},"class_list":["post-791","page","type-page","status-publish","hentry"],"yoast_head":"<!-- This site is optimized with the Yoast SEO plugin v27.2 - https:\/\/yoast.com\/product\/yoast-seo-wordpress\/ -->\n<title>Pol\u00edtica de privacidad - Masias Maquinaria<\/title>\n<meta name=\"robots\" content=\"noindex, nofollow\" \/>\n<meta property=\"og:locale\" content=\"es_ES\" \/>\n<meta property=\"og:type\" content=\"article\" \/>\n<meta property=\"og:title\" content=\"Pol\u00edtica de privacidad - Masias Maquinaria\" \/>\n<meta property=\"og:description\" content=\"MASIAS MAQUINARIA, SL se compromete a proteger la privacidad de los usuarios que accedan a esta web y\/o cualquiera de sus servicios. La utilizaci\u00f3n de la web y\/o de cualquiera de los servicios ofrecidos por MASIAS MAQUINARIA, SL \u00a0implica la aceptaci\u00f3n por el usuario de las disposiciones contenidas en la presente Pol\u00edtica de Privacidad y [&hellip;]\" \/>\n<meta property=\"og:url\" content=\"https:\/\/masiasmaquinaria.com\/es\/privacidad-y-terminos-de-uso\/\" \/>\n<meta property=\"og:site_name\" content=\"Masias Maquinaria\" \/>\n<meta property=\"article:modified_time\" content=\"2026-03-25T15:20:15+00:00\" \/>\n<meta name=\"twitter:card\" content=\"summary_large_image\" \/>\n<meta name=\"twitter:label1\" content=\"Tiempo de lectura\" \/>\n\t<meta name=\"twitter:data1\" content=\"7 minutos\" \/>\n<script type=\"application\/ld+json\" class=\"yoast-schema-graph\">{\"@context\":\"https:\/\/schema.org\",\"@graph\":[{\"@type\":\"WebPage\",\"@id\":\"https:\/\/masiasmaquinaria.com\/es\/privacidad-y-terminos-de-uso\/\",\"url\":\"https:\/\/masiasmaquinaria.com\/es\/privacidad-y-terminos-de-uso\/\",\"name\":\"Pol\u00edtica de privacidad - Masias Maquinaria\",\"isPartOf\":{\"@id\":\"https:\/\/masiasmaquinaria.com\/#website\"},\"datePublished\":\"2015-07-13T08:10:28+00:00\",\"dateModified\":\"2026-03-25T15:20:15+00:00\",\"breadcrumb\":{\"@id\":\"https:\/\/masiasmaquinaria.com\/es\/privacidad-y-terminos-de-uso\/#breadcrumb\"},\"inLanguage\":\"es\",\"potentialAction\":[{\"@type\":\"ReadAction\",\"target\":[\"https:\/\/masiasmaquinaria.com\/es\/privacidad-y-terminos-de-uso\/\"]}]},{\"@type\":\"BreadcrumbList\",\"@id\":\"https:\/\/masiasmaquinaria.com\/es\/privacidad-y-terminos-de-uso\/#breadcrumb\",\"itemListElement\":[{\"@type\":\"ListItem\",\"position\":1,\"name\":\"Inici\",\"item\":\"https:\/\/masiasmaquinaria.com\/es\/\"},{\"@type\":\"ListItem\",\"position\":2,\"name\":\"Pol\u00edtica de privacidad\"}]},{\"@type\":\"WebSite\",\"@id\":\"https:\/\/masiasmaquinaria.com\/#website\",\"url\":\"https:\/\/masiasmaquinaria.com\/\",\"name\":\"Masias Maquinaria\",\"description\":\"Procesos para el tratamiento de fibras\",\"publisher\":{\"@id\":\"https:\/\/masiasmaquinaria.com\/#organization\"},\"potentialAction\":[{\"@type\":\"SearchAction\",\"target\":{\"@type\":\"EntryPoint\",\"urlTemplate\":\"https:\/\/masiasmaquinaria.com\/?s={search_term_string}\"},\"query-input\":{\"@type\":\"PropertyValueSpecification\",\"valueRequired\":true,\"valueName\":\"search_term_string\"}}],\"inLanguage\":\"es\"},{\"@type\":\"Organization\",\"@id\":\"https:\/\/masiasmaquinaria.com\/#organization\",\"name\":\"Masias Maquinaria\",\"url\":\"https:\/\/masiasmaquinaria.com\/\",\"logo\":{\"@type\":\"ImageObject\",\"inLanguage\":\"es\",\"@id\":\"https:\/\/masiasmaquinaria.com\/#\/schema\/logo\/image\/\",\"url\":\"https:\/\/masiasmaquinaria.com\/wp-content\/uploads\/logomasias_landing.png\",\"contentUrl\":\"https:\/\/masiasmaquinaria.com\/wp-content\/uploads\/logomasias_landing.png\",\"width\":201,\"height\":119,\"caption\":\"Masias Maquinaria\"},\"image\":{\"@id\":\"https:\/\/masiasmaquinaria.com\/#\/schema\/logo\/image\/\"}}]}<\/script>\n<!-- \/ Yoast SEO plugin. -->","yoast_head_json":{"title":"Pol\u00edtica de privacidad - Masias Maquinaria","robots":{"index":"noindex","follow":"nofollow"},"og_locale":"es_ES","og_type":"article","og_title":"Pol\u00edtica de privacidad - Masias Maquinaria","og_description":"MASIAS MAQUINARIA, SL se compromete a proteger la privacidad de los usuarios que accedan a esta web y\/o cualquiera de sus servicios. La utilizaci\u00f3n de la web y\/o de cualquiera de los servicios ofrecidos por MASIAS MAQUINARIA, SL \u00a0implica la aceptaci\u00f3n por el usuario de las disposiciones contenidas en la presente Pol\u00edtica de Privacidad y [&hellip;]","og_url":"https:\/\/masiasmaquinaria.com\/es\/privacidad-y-terminos-de-uso\/","og_site_name":"Masias Maquinaria","article_modified_time":"2026-03-25T15:20:15+00:00","twitter_card":"summary_large_image","twitter_misc":{"Tiempo de lectura":"7 minutos"},"schema":{"@context":"https:\/\/schema.org","@graph":[{"@type":"WebPage","@id":"https:\/\/masiasmaquinaria.com\/es\/privacidad-y-terminos-de-uso\/","url":"https:\/\/masiasmaquinaria.com\/es\/privacidad-y-terminos-de-uso\/","name":"Pol\u00edtica de privacidad - Masias Maquinaria","isPartOf":{"@id":"https:\/\/masiasmaquinaria.com\/#website"},"datePublished":"2015-07-13T08:10:28+00:00","dateModified":"2026-03-25T15:20:15+00:00","breadcrumb":{"@id":"https:\/\/masiasmaquinaria.com\/es\/privacidad-y-terminos-de-uso\/#breadcrumb"},"inLanguage":"es","potentialAction":[{"@type":"ReadAction","target":["https:\/\/masiasmaquinaria.com\/es\/privacidad-y-terminos-de-uso\/"]}]},{"@type":"BreadcrumbList","@id":"https:\/\/masiasmaquinaria.com\/es\/privacidad-y-terminos-de-uso\/#breadcrumb","itemListElement":[{"@type":"ListItem","position":1,"name":"Inici","item":"https:\/\/masiasmaquinaria.com\/es\/"},{"@type":"ListItem","position":2,"name":"Pol\u00edtica de privacidad"}]},{"@type":"WebSite","@id":"https:\/\/masiasmaquinaria.com\/#website","url":"https:\/\/masiasmaquinaria.com\/","name":"Masias Maquinaria","description":"Procesos para el tratamiento de fibras","publisher":{"@id":"https:\/\/masiasmaquinaria.com\/#organization"},"potentialAction":[{"@type":"SearchAction","target":{"@type":"EntryPoint","urlTemplate":"https:\/\/masiasmaquinaria.com\/?s={search_term_string}"},"query-input":{"@type":"PropertyValueSpecification","valueRequired":true,"valueName":"search_term_string"}}],"inLanguage":"es"},{"@type":"Organization","@id":"https:\/\/masiasmaquinaria.com\/#organization","name":"Masias Maquinaria","url":"https:\/\/masiasmaquinaria.com\/","logo":{"@type":"ImageObject","inLanguage":"es","@id":"https:\/\/masiasmaquinaria.com\/#\/schema\/logo\/image\/","url":"https:\/\/masiasmaquinaria.com\/wp-content\/uploads\/logomasias_landing.png","contentUrl":"https:\/\/masiasmaquinaria.com\/wp-content\/uploads\/logomasias_landing.png","width":201,"height":119,"caption":"Masias Maquinaria"},"image":{"@id":"https:\/\/masiasmaquinaria.com\/#\/schema\/logo\/image\/"}}]}},"_links":{"self":[{"href":"https:\/\/masiasmaquinaria.com\/es\/wp-json\/wp\/v2\/pages\/791","targetHints":{"allow":["GET"]}}],"collection":[{"href":"https:\/\/masiasmaquinaria.com\/es\/wp-json\/wp\/v2\/pages"}],"about":[{"href":"https:\/\/masiasmaquinaria.com\/es\/wp-json\/wp\/v2\/types\/page"}],"author":[{"embeddable":true,"href":"https:\/\/masiasmaquinaria.com\/es\/wp-json\/wp\/v2\/users\/2"}],"replies":[{"embeddable":true,"href":"https:\/\/masiasmaquinaria.com\/es\/wp-json\/wp\/v2\/comments?post=791"}],"version-history":[{"count":0,"href":"https:\/\/masiasmaquinaria.com\/es\/wp-json\/wp\/v2\/pages\/791\/revisions"}],"wp:attachment":[{"href":"https:\/\/masiasmaquinaria.com\/es\/wp-json\/wp\/v2\/media?parent=791"}],"curies":[{"name":"wp","href":"https:\/\/api.w.org\/{rel}","templated":true}]}}