{"id":788,"date":"2015-07-15T14:22:57","date_gmt":"2015-07-15T14:22:57","guid":{"rendered":"http:\/\/masiasmaquinaria.com\/es\/masias-maquinaria\/"},"modified":"2018-11-05T13:15:15","modified_gmt":"2018-11-05T12:15:15","slug":"masias-maquinaria","status":"publish","type":"page","link":"https:\/\/masiasmaquinaria.com\/es\/","title":{"rendered":"Masias Maquinaria"},"content":{"rendered":"<p>[Spanish] <\/p>\n","protected":false},"excerpt":{"rendered":"<p>[Spanish]<\/p>\n","protected":false},"author":2,"featured_media":0,"parent":0,"menu_order":16,"comment_status":"open","ping_status":"closed","template":"template-home.php","meta":{"om_disable_all_campaigns":false,"_monsterinsights_skip_tracking":false,"_monsterinsights_sitenote_active":false,"_monsterinsights_sitenote_note":"","_monsterinsights_sitenote_category":0,"footnotes":""},"class_list":["post-788","page","type-page","status-publish","hentry"],"yoast_head":"<!-- This site is optimized with the Yoast SEO plugin v27.2 - https:\/\/yoast.com\/product\/yoast-seo-wordpress\/ -->\n<title>Tecnolog\u00edas de relleno de fibras y producci\u00f3n textil del hogar<\/title>\n<meta name=\"description\" content=\"Instalaci\u00f3n de l\u00edneas de tratamiento de fibras para producci\u00f3n de almohadas, edredones, colchones, fieltros o guatas con recuperaci\u00f3n de rechazo textil\" \/>\n<meta name=\"robots\" content=\"index, follow, max-snippet:-1, max-image-preview:large, max-video-preview:-1\" \/>\n<link rel=\"canonical\" href=\"https:\/\/masiasmaquinaria.com\/\" \/>\n<meta property=\"og:locale\" content=\"es_ES\" \/>\n<meta property=\"og:type\" content=\"article\" \/>\n<meta property=\"og:title\" content=\"Tecnolog\u00edas de relleno de fibras y producci\u00f3n textil del hogar\" \/>\n<meta property=\"og:description\" content=\"Instalaci\u00f3n de l\u00edneas de tratamiento de fibras para producci\u00f3n de almohadas, edredones, colchones, fieltros o guatas con recuperaci\u00f3n de rechazo textil\" \/>\n<meta property=\"og:url\" content=\"https:\/\/masiasmaquinaria.com\/\" \/>\n<meta property=\"og:site_name\" content=\"Masias Maquinaria\" \/>\n<meta property=\"article:modified_time\" content=\"2018-11-05T12:15:15+00:00\" \/>\n<meta name=\"twitter:card\" content=\"summary_large_image\" \/>\n<script type=\"application\/ld+json\" class=\"yoast-schema-graph\">{\"@context\":\"https:\/\/schema.org\",\"@graph\":[{\"@type\":\"WebPage\",\"@id\":\"https:\/\/masiasmaquinaria.com\/\",\"url\":\"https:\/\/masiasmaquinaria.com\/\",\"name\":\"Tecnolog\u00edas de relleno de fibras y producci\u00f3n textil del hogar\",\"isPartOf\":{\"@id\":\"https:\/\/masiasmaquinaria.com\/#website\"},\"datePublished\":\"2015-07-15T14:22:57+00:00\",\"dateModified\":\"2018-11-05T12:15:15+00:00\",\"description\":\"Instalaci\u00f3n de l\u00edneas de tratamiento de fibras para producci\u00f3n de almohadas, edredones, colchones, fieltros o guatas con recuperaci\u00f3n de rechazo textil\",\"breadcrumb\":{\"@id\":\"https:\/\/masiasmaquinaria.com\/#breadcrumb\"},\"inLanguage\":\"es\",\"potentialAction\":[{\"@type\":\"ReadAction\",\"target\":[\"https:\/\/masiasmaquinaria.com\/\"]}]},{\"@type\":\"BreadcrumbList\",\"@id\":\"https:\/\/masiasmaquinaria.com\/#breadcrumb\",\"itemListElement\":[{\"@type\":\"ListItem\",\"position\":1,\"name\":\"Inici\",\"item\":\"https:\/\/masiasmaquinaria.com\/\"},{\"@type\":\"ListItem\",\"position\":2,\"name\":\"Masias Maquinaria\"}]},{\"@type\":\"WebSite\",\"@id\":\"https:\/\/masiasmaquinaria.com\/#website\",\"url\":\"https:\/\/masiasmaquinaria.com\/\",\"name\":\"Masias Maquinaria\",\"description\":\"Procesos para el tratamiento de fibras\",\"publisher\":{\"@id\":\"https:\/\/masiasmaquinaria.com\/#organization\"},\"potentialAction\":[{\"@type\":\"SearchAction\",\"target\":{\"@type\":\"EntryPoint\",\"urlTemplate\":\"https:\/\/masiasmaquinaria.com\/?s={search_term_string}\"},\"query-input\":{\"@type\":\"PropertyValueSpecification\",\"valueRequired\":true,\"valueName\":\"search_term_string\"}}],\"inLanguage\":\"es\"},{\"@type\":\"Organization\",\"@id\":\"https:\/\/masiasmaquinaria.com\/#organization\",\"name\":\"Masias Maquinaria\",\"url\":\"https:\/\/masiasmaquinaria.com\/\",\"logo\":{\"@type\":\"ImageObject\",\"inLanguage\":\"es\",\"@id\":\"https:\/\/masiasmaquinaria.com\/#\/schema\/logo\/image\/\",\"url\":\"https:\/\/masiasmaquinaria.com\/wp-content\/uploads\/logomasias_landing.png\",\"contentUrl\":\"https:\/\/masiasmaquinaria.com\/wp-content\/uploads\/logomasias_landing.png\",\"width\":201,\"height\":119,\"caption\":\"Masias Maquinaria\"},\"image\":{\"@id\":\"https:\/\/masiasmaquinaria.com\/#\/schema\/logo\/image\/\"}}]}<\/script>\n<!-- \/ Yoast SEO plugin. -->","yoast_head_json":{"title":"Tecnolog\u00edas de relleno de fibras y producci\u00f3n textil del hogar","description":"Instalaci\u00f3n de l\u00edneas de tratamiento de fibras para producci\u00f3n de almohadas, edredones, colchones, fieltros o guatas con recuperaci\u00f3n de rechazo textil","robots":{"index":"index","follow":"follow","max-snippet":"max-snippet:-1","max-image-preview":"max-image-preview:large","max-video-preview":"max-video-preview:-1"},"canonical":"https:\/\/masiasmaquinaria.com\/","og_locale":"es_ES","og_type":"article","og_title":"Tecnolog\u00edas de relleno de fibras y producci\u00f3n textil del hogar","og_description":"Instalaci\u00f3n de l\u00edneas de tratamiento de fibras para producci\u00f3n de almohadas, edredones, colchones, fieltros o guatas con recuperaci\u00f3n de rechazo textil","og_url":"https:\/\/masiasmaquinaria.com\/","og_site_name":"Masias Maquinaria","article_modified_time":"2018-11-05T12:15:15+00:00","twitter_card":"summary_large_image","schema":{"@context":"https:\/\/schema.org","@graph":[{"@type":"WebPage","@id":"https:\/\/masiasmaquinaria.com\/","url":"https:\/\/masiasmaquinaria.com\/","name":"Tecnolog\u00edas de relleno de fibras y producci\u00f3n textil del hogar","isPartOf":{"@id":"https:\/\/masiasmaquinaria.com\/#website"},"datePublished":"2015-07-15T14:22:57+00:00","dateModified":"2018-11-05T12:15:15+00:00","description":"Instalaci\u00f3n de l\u00edneas de tratamiento de fibras para producci\u00f3n de almohadas, edredones, colchones, fieltros o guatas con recuperaci\u00f3n de rechazo textil","breadcrumb":{"@id":"https:\/\/masiasmaquinaria.com\/#breadcrumb"},"inLanguage":"es","potentialAction":[{"@type":"ReadAction","target":["https:\/\/masiasmaquinaria.com\/"]}]},{"@type":"BreadcrumbList","@id":"https:\/\/masiasmaquinaria.com\/#breadcrumb","itemListElement":[{"@type":"ListItem","position":1,"name":"Inici","item":"https:\/\/masiasmaquinaria.com\/"},{"@type":"ListItem","position":2,"name":"Masias Maquinaria"}]},{"@type":"WebSite","@id":"https:\/\/masiasmaquinaria.com\/#website","url":"https:\/\/masiasmaquinaria.com\/","name":"Masias Maquinaria","description":"Procesos para el tratamiento de fibras","publisher":{"@id":"https:\/\/masiasmaquinaria.com\/#organization"},"potentialAction":[{"@type":"SearchAction","target":{"@type":"EntryPoint","urlTemplate":"https:\/\/masiasmaquinaria.com\/?s={search_term_string}"},"query-input":{"@type":"PropertyValueSpecification","valueRequired":true,"valueName":"search_term_string"}}],"inLanguage":"es"},{"@type":"Organization","@id":"https:\/\/masiasmaquinaria.com\/#organization","name":"Masias Maquinaria","url":"https:\/\/masiasmaquinaria.com\/","logo":{"@type":"ImageObject","inLanguage":"es","@id":"https:\/\/masiasmaquinaria.com\/#\/schema\/logo\/image\/","url":"https:\/\/masiasmaquinaria.com\/wp-content\/uploads\/logomasias_landing.png","contentUrl":"https:\/\/masiasmaquinaria.com\/wp-content\/uploads\/logomasias_landing.png","width":201,"height":119,"caption":"Masias Maquinaria"},"image":{"@id":"https:\/\/masiasmaquinaria.com\/#\/schema\/logo\/image\/"}}]}},"_links":{"self":[{"href":"https:\/\/masiasmaquinaria.com\/es\/wp-json\/wp\/v2\/pages\/788","targetHints":{"allow":["GET"]}}],"collection":[{"href":"https:\/\/masiasmaquinaria.com\/es\/wp-json\/wp\/v2\/pages"}],"about":[{"href":"https:\/\/masiasmaquinaria.com\/es\/wp-json\/wp\/v2\/types\/page"}],"author":[{"embeddable":true,"href":"https:\/\/masiasmaquinaria.com\/es\/wp-json\/wp\/v2\/users\/2"}],"replies":[{"embeddable":true,"href":"https:\/\/masiasmaquinaria.com\/es\/wp-json\/wp\/v2\/comments?post=788"}],"version-history":[{"count":0,"href":"https:\/\/masiasmaquinaria.com\/es\/wp-json\/wp\/v2\/pages\/788\/revisions"}],"wp:attachment":[{"href":"https:\/\/masiasmaquinaria.com\/es\/wp-json\/wp\/v2\/media?parent=788"}],"curies":[{"name":"wp","href":"https:\/\/api.w.org\/{rel}","templated":true}]}}