{"id":716,"date":"2015-08-26T08:26:43","date_gmt":"2015-08-26T08:26:43","guid":{"rendered":"http:\/\/masiasmaquinaria.com\/es\/matress\/"},"modified":"2016-10-25T17:57:46","modified_gmt":"2016-10-25T16:57:46","slug":"colchones","status":"publish","type":"page","link":"https:\/\/masiasmaquinaria.com\/es\/soluciones-industriales\/productos-de-confort\/colchones\/","title":{"rendered":"Colchones"},"content":{"rendered":"<p>[Spanish] <\/p>\n","protected":false},"excerpt":{"rendered":"<p>[Spanish]<\/p>\n","protected":false},"author":2,"featured_media":0,"parent":752,"menu_order":38,"comment_status":"closed","ping_status":"closed","template":"template-industry-solution-alt.php","meta":{"om_disable_all_campaigns":false,"_monsterinsights_skip_tracking":false,"_monsterinsights_sitenote_active":false,"_monsterinsights_sitenote_note":"","_monsterinsights_sitenote_category":0,"footnotes":""},"class_list":["post-716","page","type-page","status-publish","hentry"],"yoast_head":"<!-- This site is optimized with the Yoast SEO plugin v27.2 - https:\/\/yoast.com\/product\/yoast-seo-wordpress\/ -->\n<title>Tecnolog\u00edas para la fabricaci\u00f3n de las capas del colch\u00f3n<\/title>\n<meta name=\"description\" content=\"L\u00edneas de producci\u00f3n para la fabricaci\u00f3n de fieltros y tapas de colch\u00f3n a partir de mezclas de fibras de alta calidad o espuma reciclada y triturada\" \/>\n<meta name=\"robots\" content=\"index, follow, max-snippet:-1, max-image-preview:large, max-video-preview:-1\" \/>\n<link rel=\"canonical\" href=\"https:\/\/masiasmaquinaria.com\/solucions-industrials\/textils-farcits-i-confortables\/matalassos\/\" \/>\n<meta property=\"og:locale\" content=\"es_ES\" \/>\n<meta property=\"og:type\" content=\"article\" \/>\n<meta property=\"og:title\" content=\"Tecnolog\u00edas para la fabricaci\u00f3n de las capas del colch\u00f3n\" \/>\n<meta property=\"og:description\" content=\"L\u00edneas de producci\u00f3n para la fabricaci\u00f3n de fieltros y tapas de colch\u00f3n a partir de mezclas de fibras de alta calidad o espuma reciclada y triturada\" \/>\n<meta property=\"og:url\" content=\"https:\/\/masiasmaquinaria.com\/solucions-industrials\/textils-farcits-i-confortables\/matalassos\/\" \/>\n<meta property=\"og:site_name\" content=\"Masias Maquinaria\" \/>\n<meta property=\"article:modified_time\" content=\"2016-10-25T16:57:46+00:00\" \/>\n<meta name=\"twitter:card\" content=\"summary_large_image\" \/>\n<script type=\"application\/ld+json\" class=\"yoast-schema-graph\">{\"@context\":\"https:\/\/schema.org\",\"@graph\":[{\"@type\":\"WebPage\",\"@id\":\"https:\/\/masiasmaquinaria.com\/solucions-industrials\/textils-farcits-i-confortables\/matalassos\/\",\"url\":\"https:\/\/masiasmaquinaria.com\/solucions-industrials\/textils-farcits-i-confortables\/matalassos\/\",\"name\":\"Tecnolog\u00edas para la fabricaci\u00f3n de las capas del colch\u00f3n\",\"isPartOf\":{\"@id\":\"https:\/\/masiasmaquinaria.com\/#website\"},\"datePublished\":\"2015-08-26T08:26:43+00:00\",\"dateModified\":\"2016-10-25T16:57:46+00:00\",\"description\":\"L\u00edneas de producci\u00f3n para la fabricaci\u00f3n de fieltros y tapas de colch\u00f3n a partir de mezclas de fibras de alta calidad o espuma reciclada y triturada\",\"breadcrumb\":{\"@id\":\"https:\/\/masiasmaquinaria.com\/solucions-industrials\/textils-farcits-i-confortables\/matalassos\/#breadcrumb\"},\"inLanguage\":\"es\",\"potentialAction\":[{\"@type\":\"ReadAction\",\"target\":[\"https:\/\/masiasmaquinaria.com\/solucions-industrials\/textils-farcits-i-confortables\/matalassos\/\"]}]},{\"@type\":\"BreadcrumbList\",\"@id\":\"https:\/\/masiasmaquinaria.com\/solucions-industrials\/textils-farcits-i-confortables\/matalassos\/#breadcrumb\",\"itemListElement\":[{\"@type\":\"ListItem\",\"position\":1,\"name\":\"Inici\",\"item\":\"https:\/\/masiasmaquinaria.com\/es\/\"},{\"@type\":\"ListItem\",\"position\":2,\"name\":\"Soluciones industriales\",\"item\":\"https:\/\/masiasmaquinaria.com\/solucions-industrials\/\"},{\"@type\":\"ListItem\",\"position\":3,\"name\":\"Productos de confort\",\"item\":\"https:\/\/masiasmaquinaria.com\/solucions-industrials\/textils-farcits-i-confortables\/\"},{\"@type\":\"ListItem\",\"position\":4,\"name\":\"Colchones\"}]},{\"@type\":\"WebSite\",\"@id\":\"https:\/\/masiasmaquinaria.com\/#website\",\"url\":\"https:\/\/masiasmaquinaria.com\/\",\"name\":\"Masias Maquinaria\",\"description\":\"Procesos para el tratamiento de fibras\",\"publisher\":{\"@id\":\"https:\/\/masiasmaquinaria.com\/#organization\"},\"potentialAction\":[{\"@type\":\"SearchAction\",\"target\":{\"@type\":\"EntryPoint\",\"urlTemplate\":\"https:\/\/masiasmaquinaria.com\/?s={search_term_string}\"},\"query-input\":{\"@type\":\"PropertyValueSpecification\",\"valueRequired\":true,\"valueName\":\"search_term_string\"}}],\"inLanguage\":\"es\"},{\"@type\":\"Organization\",\"@id\":\"https:\/\/masiasmaquinaria.com\/#organization\",\"name\":\"Masias Maquinaria\",\"url\":\"https:\/\/masiasmaquinaria.com\/\",\"logo\":{\"@type\":\"ImageObject\",\"inLanguage\":\"es\",\"@id\":\"https:\/\/masiasmaquinaria.com\/#\/schema\/logo\/image\/\",\"url\":\"https:\/\/masiasmaquinaria.com\/wp-content\/uploads\/logomasias_landing.png\",\"contentUrl\":\"https:\/\/masiasmaquinaria.com\/wp-content\/uploads\/logomasias_landing.png\",\"width\":201,\"height\":119,\"caption\":\"Masias Maquinaria\"},\"image\":{\"@id\":\"https:\/\/masiasmaquinaria.com\/#\/schema\/logo\/image\/\"}}]}<\/script>\n<!-- \/ Yoast SEO plugin. -->","yoast_head_json":{"title":"Tecnolog\u00edas para la fabricaci\u00f3n de las capas del colch\u00f3n","description":"L\u00edneas de producci\u00f3n para la fabricaci\u00f3n de fieltros y tapas de colch\u00f3n a partir de mezclas de fibras de alta calidad o espuma reciclada y triturada","robots":{"index":"index","follow":"follow","max-snippet":"max-snippet:-1","max-image-preview":"max-image-preview:large","max-video-preview":"max-video-preview:-1"},"canonical":"https:\/\/masiasmaquinaria.com\/solucions-industrials\/textils-farcits-i-confortables\/matalassos\/","og_locale":"es_ES","og_type":"article","og_title":"Tecnolog\u00edas para la fabricaci\u00f3n de las capas del colch\u00f3n","og_description":"L\u00edneas de producci\u00f3n para la fabricaci\u00f3n de fieltros y tapas de colch\u00f3n a partir de mezclas de fibras de alta calidad o espuma reciclada y triturada","og_url":"https:\/\/masiasmaquinaria.com\/solucions-industrials\/textils-farcits-i-confortables\/matalassos\/","og_site_name":"Masias Maquinaria","article_modified_time":"2016-10-25T16:57:46+00:00","twitter_card":"summary_large_image","schema":{"@context":"https:\/\/schema.org","@graph":[{"@type":"WebPage","@id":"https:\/\/masiasmaquinaria.com\/solucions-industrials\/textils-farcits-i-confortables\/matalassos\/","url":"https:\/\/masiasmaquinaria.com\/solucions-industrials\/textils-farcits-i-confortables\/matalassos\/","name":"Tecnolog\u00edas para la fabricaci\u00f3n de las capas del colch\u00f3n","isPartOf":{"@id":"https:\/\/masiasmaquinaria.com\/#website"},"datePublished":"2015-08-26T08:26:43+00:00","dateModified":"2016-10-25T16:57:46+00:00","description":"L\u00edneas de producci\u00f3n para la fabricaci\u00f3n de fieltros y tapas de colch\u00f3n a partir de mezclas de fibras de alta calidad o espuma reciclada y triturada","breadcrumb":{"@id":"https:\/\/masiasmaquinaria.com\/solucions-industrials\/textils-farcits-i-confortables\/matalassos\/#breadcrumb"},"inLanguage":"es","potentialAction":[{"@type":"ReadAction","target":["https:\/\/masiasmaquinaria.com\/solucions-industrials\/textils-farcits-i-confortables\/matalassos\/"]}]},{"@type":"BreadcrumbList","@id":"https:\/\/masiasmaquinaria.com\/solucions-industrials\/textils-farcits-i-confortables\/matalassos\/#breadcrumb","itemListElement":[{"@type":"ListItem","position":1,"name":"Inici","item":"https:\/\/masiasmaquinaria.com\/es\/"},{"@type":"ListItem","position":2,"name":"Soluciones industriales","item":"https:\/\/masiasmaquinaria.com\/solucions-industrials\/"},{"@type":"ListItem","position":3,"name":"Productos de confort","item":"https:\/\/masiasmaquinaria.com\/solucions-industrials\/textils-farcits-i-confortables\/"},{"@type":"ListItem","position":4,"name":"Colchones"}]},{"@type":"WebSite","@id":"https:\/\/masiasmaquinaria.com\/#website","url":"https:\/\/masiasmaquinaria.com\/","name":"Masias Maquinaria","description":"Procesos para el tratamiento de fibras","publisher":{"@id":"https:\/\/masiasmaquinaria.com\/#organization"},"potentialAction":[{"@type":"SearchAction","target":{"@type":"EntryPoint","urlTemplate":"https:\/\/masiasmaquinaria.com\/?s={search_term_string}"},"query-input":{"@type":"PropertyValueSpecification","valueRequired":true,"valueName":"search_term_string"}}],"inLanguage":"es"},{"@type":"Organization","@id":"https:\/\/masiasmaquinaria.com\/#organization","name":"Masias Maquinaria","url":"https:\/\/masiasmaquinaria.com\/","logo":{"@type":"ImageObject","inLanguage":"es","@id":"https:\/\/masiasmaquinaria.com\/#\/schema\/logo\/image\/","url":"https:\/\/masiasmaquinaria.com\/wp-content\/uploads\/logomasias_landing.png","contentUrl":"https:\/\/masiasmaquinaria.com\/wp-content\/uploads\/logomasias_landing.png","width":201,"height":119,"caption":"Masias Maquinaria"},"image":{"@id":"https:\/\/masiasmaquinaria.com\/#\/schema\/logo\/image\/"}}]}},"_links":{"self":[{"href":"https:\/\/masiasmaquinaria.com\/es\/wp-json\/wp\/v2\/pages\/716","targetHints":{"allow":["GET"]}}],"collection":[{"href":"https:\/\/masiasmaquinaria.com\/es\/wp-json\/wp\/v2\/pages"}],"about":[{"href":"https:\/\/masiasmaquinaria.com\/es\/wp-json\/wp\/v2\/types\/page"}],"author":[{"embeddable":true,"href":"https:\/\/masiasmaquinaria.com\/es\/wp-json\/wp\/v2\/users\/2"}],"replies":[{"embeddable":true,"href":"https:\/\/masiasmaquinaria.com\/es\/wp-json\/wp\/v2\/comments?post=716"}],"version-history":[{"count":0,"href":"https:\/\/masiasmaquinaria.com\/es\/wp-json\/wp\/v2\/pages\/716\/revisions"}],"up":[{"embeddable":true,"href":"https:\/\/masiasmaquinaria.com\/es\/wp-json\/wp\/v2\/pages\/752"}],"wp:attachment":[{"href":"https:\/\/masiasmaquinaria.com\/es\/wp-json\/wp\/v2\/media?parent=716"}],"curies":[{"name":"wp","href":"https:\/\/api.w.org\/{rel}","templated":true}]}}