{"id":1464,"date":"2018-11-06T10:05:07","date_gmt":"2018-11-06T09:05:07","guid":{"rendered":"https:\/\/masiasmaquinaria.com\/es\/politica-de-cookies\/"},"modified":"2026-03-25T16:30:23","modified_gmt":"2026-03-25T15:30:23","slug":"politica-de-cookies","status":"publish","type":"page","link":"https:\/\/masiasmaquinaria.com\/es\/politica-de-cookies\/","title":{"rendered":"Pol\u00edtica de cookies"},"content":{"rendered":"\t\t<div data-elementor-type=\"wp-page\" data-elementor-id=\"1464\" class=\"elementor elementor-1464 elementor-1462\" data-elementor-post-type=\"page\">\n\t\t\t\t\t\t<section class=\"elementor-section elementor-top-section elementor-element elementor-element-5ea03ba8 elementor-section-boxed elementor-section-height-default elementor-section-height-default\" data-id=\"5ea03ba8\" data-element_type=\"section\">\n\t\t\t\t\t\t<div class=\"elementor-container elementor-column-gap-default\">\n\t\t\t\t\t<div class=\"elementor-column elementor-col-100 elementor-top-column elementor-element elementor-element-238d345a\" data-id=\"238d345a\" data-element_type=\"column\">\n\t\t\t<div class=\"elementor-widget-wrap elementor-element-populated\">\n\t\t\t\t\t\t<div class=\"elementor-element elementor-element-aa37457 elementor-widget elementor-widget-text-editor\" data-id=\"aa37457\" data-element_type=\"widget\" data-widget_type=\"text-editor.default\">\n\t\t\t\t<div class=\"elementor-widget-container\">\n\t\t\t\t\t\t\t\t\t<p>Nuestro sitio web utiliza una tecnolog\u00eda llamada \u00abcookie\u00bb, con el fin de poder obtener informaci\u00f3n sobre el uso del sitio web, mejorar la experiencia del usuario y garantizar el su correcto funcionamiento.<\/p><p><strong>\u00a0<\/strong><\/p><p><strong>Definici\u00f3n de Cookie<\/strong><\/p><p>Una \u00abcookie\u00bb es un peque\u00f1o fragmento de texto que los sitios web env\u00edan al navegador y que se almacenan en el terminal del usuario, (ordenador o dispositivo m\u00f3vil). Estos archivos tienen la finalidad de almacenar datos que podr\u00e1n ser actualizados y recuperadas por la entidad responsable de su instalaci\u00f3n. As\u00ed, cada vez que el usuario vuelve a visitar el mismo sitio web, el explorador recupera el archivo y lo env\u00eda al servidor del sitio web. Las cookies tienen varias funciones entre las que se incluyen, la de recoger informaci\u00f3n sobre las preferencias del usuario y recordarla, y en general, facilitar el uso del sitio web al usuario haciendo que el sitio sea m\u00e1s \u00fatil al personalizar su contenido.<\/p><p>Las cookies se pueden clasificar en base a diferentes par\u00e1metros:<\/p><ol><li><strong> &#8211; Titularidad:<\/strong> <u>cookies propias y cookies de terceros:<\/u> dependiendo de cu\u00e1l sea la entidad que gestione el dominio desde donde se env\u00edan las cookies y se traten los datos que se obtengan.<\/li><li><strong> &#8211; Duraci\u00f3n:<\/strong> <u>cookies de sesi\u00f3n y cookies persistentes:<\/u> de acuerdo con el plazo de tiempo que permanecen almacenadas en el terminal del usuario.<\/li><\/ol><p>\u00a0<\/p><p><strong>3.- Finalidad: <\/strong><u>cookies t\u00e9cnicas, cookies de preferencias o personalizaci\u00f3n, cookies de an\u00e1lisis o medida y cookies de publicidad comportamental<\/u>, de acuerdo con la finalidad para la que se traten los datos obtenidos.<\/p><p>\u00a0<\/p><ul><li><u>Cookies t\u00e9cnicas:<\/u> Son aquellas que permiten al usuario la navegaci\u00f3n a trav\u00e9s de la p\u00e1gina web o aplicaci\u00f3n y la utilizaci\u00f3n de las diferentes opciones o servicios que en ella existen. Por ejemplo, controlar el tr\u00e1fico y la comunicaci\u00f3n de datos, identificar la sesi\u00f3n o acceder a las partes web de acceso restringido.<\/li><li><u>Cookies de preferencias o personalizaci\u00f3n:<\/u> Son aquellas que permiten recordar informaci\u00f3n para que el usuario acceda al servicio con determinadas caracter\u00edsticas que pueden diferenciar su experiencia de la de otros usuarios, como, por ejemplo, el idioma, el n\u00famero de resultados a mostrar cuando el usuario realiza una b\u00fasqueda, el aspecto o contenido del servicio en funci\u00f3n del tipo de navegador a trav\u00e9s del cual el usuario accede al servicio o de la regi\u00f3n desde la que accede al servicio,<\/li><li><u>Cookies de an\u00e1lisis o medici\u00f3n:<\/u> Son aquellas que permiten a su responsable el seguimiento y el an\u00e1lisis del comportamiento de los usuarios de los sitios web a los que est\u00e1n vinculadas, incluida la cuantificaci\u00f3n de los impactos de los anuncios. La informaci\u00f3n recogida mediante este tipo de cookies se utiliza en la medici\u00f3n de la actividad de los sitios web, aplicaci\u00f3n o plataforma, con el fin de introducir mejoras en funci\u00f3n del an\u00e1lisis de los datos de uso que hacen los usuarios del servicio.<\/li><li><u>Cookies de publicidad comportamental<\/u>: Son aquellas que almacenan informaci\u00f3n del comportamiento de los usuarios obtenida a trav\u00e9s de la observaci\u00f3n continuada de sus h\u00e1bitos de navegaci\u00f3n, lo que permite desarrollar un perfil espec\u00edfico para mostrar publicidad en funci\u00f3n de este perfil.<\/li><\/ul><p><strong>\u00a0<\/strong><\/p><p><strong>Cookies utilizadas en nuestro sitio web<\/strong><\/p><p>Nuestro sitio web utiliza tanto cookies propias, que son las enviadas a su ordenador y gestionadas exclusivamente por nosotros para el mejor funcionamiento del sitio web, como cookies de terceros, con la funci\u00f3n de servirnos como herramienta de an\u00e1lisis de la interacci\u00f3n los usuarios con nuestra web, gracias a ellas obtenemos una informaci\u00f3n que puede ayudar a mejorar la navegaci\u00f3n y dar un mejor servicio a los usuarios y clientes.<\/p><p>\u00a0<\/p><p>Nuestro sitio web utiliza tanto cookies temporales de sesi\u00f3n, como cookies persistentes. Las cookies de sesi\u00f3n almacenan datos \u00fanicamente mientras el usuario accede a la web y las cookies persistentes almacenan los datos en el terminal para que sean accedidas y utilizadas en m\u00e1s de una sesi\u00f3n.<\/p><p><strong>\u00a0<\/strong><\/p><p>Concretamente las cookies utilizadas en nuestro sitio web que no son t\u00e9cnicas o de personalizaci\u00f3n, y que por tanto precisan de consentimiento del usuario son:<\/p><p><strong>\u00a0<\/strong><\/p><table width=\"113%\"><tbody><tr><td width=\"19%\"><p><strong>Nombre<\/strong><\/p><\/td><td width=\"20%\"><p><strong>T<\/strong><strong>itular<\/strong><\/p><\/td><td width=\"34%\"><p><strong>Finalidad<\/strong><\/p><\/td><td width=\"25%\"><p><strong>Duraci\u00f3n<\/strong><\/p><\/td><\/tr><tr><td width=\"19%\"><p>_ga<\/p><p>\u00a0<\/p><\/td><td width=\"20%\"><p>.masiasmaquinaria.com<\/p><\/td><td width=\"34%\"><p>Anal\u00edtica:<\/p><p>instalada por Google Analytics, calcula los datos de visitantes, sesiones y campa\u00f1as y tambi\u00e9n realiza un seguimiento del uso del sitio para el informe anal\u00edtico del sitio. La cookie almacena informaci\u00f3n de forma an\u00f3nima y asigna un n\u00famero generado aleatoriamente para reconocer a visitantes \u00fanicos.<\/p><\/td><td width=\"25%\"><p>1 a\u00f1o y 35 d\u00edas<\/p><\/td><\/tr><tr><td width=\"19%\"><p>\u00a0<\/p><p>_gat_gtag<\/p><p>\u00a0<\/p><\/td><td width=\"20%\"><p>.masiasmaquinaria.com<\/p><\/td><td width=\"34%\"><p>Anal\u00edtica:<\/p><p>instalada por Google para distinguir a los usuarios<\/p><\/td><td width=\"25%\"><p>1 minuto<\/p><p>\u00a0<\/p><\/td><\/tr><tr><td width=\"19%\"><p>gid<\/p><\/td><td width=\"20%\"><p>.masiasmaquinaria.com<\/p><\/td><td width=\"34%\"><p>Anal\u00edtica:<\/p><p>Instalada por Google Analytics, la cookie _gid almacena informaci\u00f3n sobre como los visitantes usan un sitio web, al mismo tiempo que crea un informe anal\u00edtico dell rendimiento del sitio web. Algunos de los datos que se recopilan incluyen el n\u00famero de visitantes, su fuente y las p\u00e1ginas que visitan de forma an\u00f3nima.<\/p><\/td><td width=\"25%\"><p>1 d\u00eda<\/p><\/td><\/tr><tr><td width=\"19%\"><p>VISITOR_INFO1_LIVE<\/p><p>YSC<\/p><\/td><td width=\"20%\"><p><a href=\"https:\/\/www.google.es\/intl\/es\/policies\/technologies\/types\/\">Google LLC.<\/a><\/p><p>\u00a0(Youtube)<\/p><\/td><td width=\"34%\"><p>\u00a0<\/p><p>\u00a7 Almacenan preferencias del usuario, identific\u00e1ndolo durante la visualizaci\u00f3n de los videos de youtube.<\/p><p>\u00a0<\/p><\/td><td width=\"25%\"><p>VISITOR_INFO1_LIVE: 9 meses<\/p><p>YSC: 1 minuto<\/p><\/td><\/tr><\/tbody><\/table><p>\u00a0<\/p><p>Para obtener m\u00e1s informaci\u00f3n sobre las cookies de terceros puede clicar en\u00a0 <a href=\"https:\/\/developers.google.com\/analytics\/devguides\/collection\/analyticsjs\/cookie-usage?hl=es\">Google Analytics;<\/a> <a href=\"https:\/\/policies.google.com\/technologies\/cookies?hl=es&amp;gl=es#types-of-cookies\">Google LLC.<\/a>;<\/p><p>\u00a0<\/p><p>Finalmente, tambi\u00e9n se utilizan cookies de complemento (plug-in) para intercambiar contenidos sociales.<\/p><p><strong>\u00a0<\/strong><\/p><p><strong>Consentimiento<\/strong><\/p><p>El consentimiento para el uso de las cookies antes enunciadas, por los plazos se\u00f1alados y en las condiciones contenidas en la presente Pol\u00edtica de Cookies, se obtendr\u00e1 con la aceptaci\u00f3n del aviso inicial de informaci\u00f3n sobre las cookies que se visualiza en el momento en que carga nuestra web.<\/p><p><strong>\u00a0<\/strong><\/p><p>El empleo de cookies anal\u00edticas de Google (incluidas las cookies de youtube) implica una transmisi\u00f3n de datos a estas compa\u00f1\u00edas ubicadas en los Estados Unidos de Am\u00e9rica. Los Estados Unidos y la Uni\u00f3n Europea tienen un acuerdo Marco de Privacidad aprobado por la Decisi\u00f3n de Ejecuci\u00f3n de la Comisi\u00f3n de 10.7.2023 de acuerdo con el Reglamento (UE) 2016\/679 del Parlamento Europeo y del Consejo. Puede encontrar m\u00e1s informaci\u00f3n en la pol\u00edtica de privacidad de<a href=\"https:\/\/policies.google.com\/privacy?hl=es\"> Google<\/a><\/p><p><strong>\u00a0<\/strong><\/p><p><strong>Retirada del consentimiento<\/strong><\/p><p>El usuario puede retirar su consentimiento para el uso de cookies en cualquier momento. Para ello, puede usar el bot\u00f3n de la web que haya a tal efecto o eliminar las cookies de su navegador.<\/p><p><strong>\u00a0<\/strong><\/p><p><strong>\u00bfC\u00f3mo deshabilitar las cookies en los principales navegadores?<\/strong><\/p><p>Aunque puede variar ligeramente de una versi\u00f3n de navegador a otra, la configuraci\u00f3n de la pol\u00edtica de cookies para los navegadores m\u00e1s utilizados es la siguiente:<\/p><p>\u00a0<\/p><ul><li><a href=\"https:\/\/support.microsoft.com\/es-es\/help\/4468242\/microsoft-edge-browsing-data-and-privacy-microsoft-privacy\">Edge<\/a><\/li><li><a href=\"https:\/\/support.mozilla.org\/es\/kb\/clear-cookies-and-site-data-firefox\">FireFox<\/a><\/li><li><a href=\"https:\/\/support.google.com\/chrome\/answer\/95647?hl=es\">Chrome<\/a><\/li><li><a href=\"https:\/\/support.apple.com\/es-es\/guide\/safari\/manage-cookies-and-website-data-sfri11471\/mac\">Safari (mac)\u00a0<\/a><\/li><li><a href=\"https:\/\/support.apple.com\/es-es\/HT201265\">Safari (iPhone\/iPad)<\/a><\/li><li><a href=\"https:\/\/help.opera.com\/en\/latest\/web-preferences\/#cookies\">Opera\u00a0<\/a><\/li><\/ul><p>\u00a0<\/p><p>Adem\u00e1s, tambi\u00e9n puede gestionar el almac\u00e9n de cookies en su navegador a trav\u00e9s de herramientas como las siguientes:<\/p><ul><li><a href=\"https:\/\/www.youronlinechoices.com\/es\/\">Your online choices<\/a><\/li><li><a href=\"https:\/\/www.ghostery.com\/\">Ghostery<\/a><\/li><\/ul><p><strong><u>\u00a0<\/u><\/strong><\/p><p><strong>Actualizaci\u00f3n de la pol\u00edtica de cookies<\/strong><\/p><p>Este sitio web puede modificar esta Pol\u00edtica sobre Cookies, por ello le recomendamos revisar esta pol\u00edtica cada vez que acceda a nuestro sitio web para estar adecuadamente informado sobre el uso que hacemos de las cookies.<\/p><p>\u00a0<\/p><p>\u00a0<\/p><p>\u00daltima actualizaci\u00f3n: 10 de mar\u00e7 de 2026<\/p>\t\t\t\t\t\t\t\t<\/div>\n\t\t\t\t<\/div>\n\t\t\t\t\t<\/div>\n\t\t<\/div>\n\t\t\t\t\t<\/div>\n\t\t<\/section>\n\t\t\t\t<\/div>\n\t\t","protected":false},"excerpt":{"rendered":"<p>Nuestro sitio web utiliza una tecnolog\u00eda llamada \u00abcookie\u00bb, con el fin de poder obtener informaci\u00f3n sobre el uso del sitio web, mejorar la experiencia del usuario y garantizar el su correcto funcionamiento. \u00a0 Definici\u00f3n de Cookie Una \u00abcookie\u00bb es un peque\u00f1o fragmento de texto que los sitios web env\u00edan al navegador y que se almacenan [&hellip;]<\/p>\n","protected":false},"author":2,"featured_media":0,"parent":0,"menu_order":87,"comment_status":"closed","ping_status":"closed","template":"","meta":{"om_disable_all_campaigns":false,"_monsterinsights_skip_tracking":false,"_monsterinsights_sitenote_active":false,"_monsterinsights_sitenote_note":"","_monsterinsights_sitenote_category":0,"footnotes":""},"class_list":["post-1464","page","type-page","status-publish","hentry"],"yoast_head":"<!-- This site is optimized with the Yoast SEO plugin v27.2 - https:\/\/yoast.com\/product\/yoast-seo-wordpress\/ -->\n<title>Pol\u00edtica de cookies - Masias Maquinaria<\/title>\n<meta name=\"robots\" content=\"noindex, nofollow\" \/>\n<meta property=\"og:locale\" content=\"es_ES\" \/>\n<meta property=\"og:type\" content=\"article\" \/>\n<meta property=\"og:title\" content=\"Pol\u00edtica de cookies - Masias Maquinaria\" \/>\n<meta property=\"og:description\" content=\"Nuestro sitio web utiliza una tecnolog\u00eda llamada \u00abcookie\u00bb, con el fin de poder obtener informaci\u00f3n sobre el uso del sitio web, mejorar la experiencia del usuario y garantizar el su correcto funcionamiento. \u00a0 Definici\u00f3n de Cookie Una \u00abcookie\u00bb es un peque\u00f1o fragmento de texto que los sitios web env\u00edan al navegador y que se almacenan [&hellip;]\" \/>\n<meta property=\"og:url\" content=\"https:\/\/masiasmaquinaria.com\/es\/politica-de-cookies\/\" \/>\n<meta property=\"og:site_name\" content=\"Masias Maquinaria\" \/>\n<meta property=\"article:modified_time\" content=\"2026-03-25T15:30:23+00:00\" \/>\n<meta name=\"twitter:card\" content=\"summary_large_image\" \/>\n<meta name=\"twitter:label1\" content=\"Tiempo de lectura\" \/>\n\t<meta name=\"twitter:data1\" content=\"6 minutos\" \/>\n<script type=\"application\/ld+json\" class=\"yoast-schema-graph\">{\"@context\":\"https:\/\/schema.org\",\"@graph\":[{\"@type\":\"WebPage\",\"@id\":\"https:\/\/masiasmaquinaria.com\/es\/politica-de-cookies\/\",\"url\":\"https:\/\/masiasmaquinaria.com\/es\/politica-de-cookies\/\",\"name\":\"Pol\u00edtica de cookies - Masias Maquinaria\",\"isPartOf\":{\"@id\":\"https:\/\/masiasmaquinaria.com\/#website\"},\"datePublished\":\"2018-11-06T09:05:07+00:00\",\"dateModified\":\"2026-03-25T15:30:23+00:00\",\"breadcrumb\":{\"@id\":\"https:\/\/masiasmaquinaria.com\/es\/politica-de-cookies\/#breadcrumb\"},\"inLanguage\":\"es\",\"potentialAction\":[{\"@type\":\"ReadAction\",\"target\":[\"https:\/\/masiasmaquinaria.com\/es\/politica-de-cookies\/\"]}]},{\"@type\":\"BreadcrumbList\",\"@id\":\"https:\/\/masiasmaquinaria.com\/es\/politica-de-cookies\/#breadcrumb\",\"itemListElement\":[{\"@type\":\"ListItem\",\"position\":1,\"name\":\"Inici\",\"item\":\"https:\/\/masiasmaquinaria.com\/es\/\"},{\"@type\":\"ListItem\",\"position\":2,\"name\":\"Pol\u00edtica de cookies\"}]},{\"@type\":\"WebSite\",\"@id\":\"https:\/\/masiasmaquinaria.com\/#website\",\"url\":\"https:\/\/masiasmaquinaria.com\/\",\"name\":\"Masias Maquinaria\",\"description\":\"Procesos para el tratamiento de fibras\",\"publisher\":{\"@id\":\"https:\/\/masiasmaquinaria.com\/#organization\"},\"potentialAction\":[{\"@type\":\"SearchAction\",\"target\":{\"@type\":\"EntryPoint\",\"urlTemplate\":\"https:\/\/masiasmaquinaria.com\/?s={search_term_string}\"},\"query-input\":{\"@type\":\"PropertyValueSpecification\",\"valueRequired\":true,\"valueName\":\"search_term_string\"}}],\"inLanguage\":\"es\"},{\"@type\":\"Organization\",\"@id\":\"https:\/\/masiasmaquinaria.com\/#organization\",\"name\":\"Masias Maquinaria\",\"url\":\"https:\/\/masiasmaquinaria.com\/\",\"logo\":{\"@type\":\"ImageObject\",\"inLanguage\":\"es\",\"@id\":\"https:\/\/masiasmaquinaria.com\/#\/schema\/logo\/image\/\",\"url\":\"https:\/\/masiasmaquinaria.com\/wp-content\/uploads\/logomasias_landing.png\",\"contentUrl\":\"https:\/\/masiasmaquinaria.com\/wp-content\/uploads\/logomasias_landing.png\",\"width\":201,\"height\":119,\"caption\":\"Masias Maquinaria\"},\"image\":{\"@id\":\"https:\/\/masiasmaquinaria.com\/#\/schema\/logo\/image\/\"}}]}<\/script>\n<!-- \/ Yoast SEO plugin. -->","yoast_head_json":{"title":"Pol\u00edtica de cookies - Masias Maquinaria","robots":{"index":"noindex","follow":"nofollow"},"og_locale":"es_ES","og_type":"article","og_title":"Pol\u00edtica de cookies - Masias Maquinaria","og_description":"Nuestro sitio web utiliza una tecnolog\u00eda llamada \u00abcookie\u00bb, con el fin de poder obtener informaci\u00f3n sobre el uso del sitio web, mejorar la experiencia del usuario y garantizar el su correcto funcionamiento. \u00a0 Definici\u00f3n de Cookie Una \u00abcookie\u00bb es un peque\u00f1o fragmento de texto que los sitios web env\u00edan al navegador y que se almacenan [&hellip;]","og_url":"https:\/\/masiasmaquinaria.com\/es\/politica-de-cookies\/","og_site_name":"Masias Maquinaria","article_modified_time":"2026-03-25T15:30:23+00:00","twitter_card":"summary_large_image","twitter_misc":{"Tiempo de lectura":"6 minutos"},"schema":{"@context":"https:\/\/schema.org","@graph":[{"@type":"WebPage","@id":"https:\/\/masiasmaquinaria.com\/es\/politica-de-cookies\/","url":"https:\/\/masiasmaquinaria.com\/es\/politica-de-cookies\/","name":"Pol\u00edtica de cookies - Masias Maquinaria","isPartOf":{"@id":"https:\/\/masiasmaquinaria.com\/#website"},"datePublished":"2018-11-06T09:05:07+00:00","dateModified":"2026-03-25T15:30:23+00:00","breadcrumb":{"@id":"https:\/\/masiasmaquinaria.com\/es\/politica-de-cookies\/#breadcrumb"},"inLanguage":"es","potentialAction":[{"@type":"ReadAction","target":["https:\/\/masiasmaquinaria.com\/es\/politica-de-cookies\/"]}]},{"@type":"BreadcrumbList","@id":"https:\/\/masiasmaquinaria.com\/es\/politica-de-cookies\/#breadcrumb","itemListElement":[{"@type":"ListItem","position":1,"name":"Inici","item":"https:\/\/masiasmaquinaria.com\/es\/"},{"@type":"ListItem","position":2,"name":"Pol\u00edtica de cookies"}]},{"@type":"WebSite","@id":"https:\/\/masiasmaquinaria.com\/#website","url":"https:\/\/masiasmaquinaria.com\/","name":"Masias Maquinaria","description":"Procesos para el tratamiento de fibras","publisher":{"@id":"https:\/\/masiasmaquinaria.com\/#organization"},"potentialAction":[{"@type":"SearchAction","target":{"@type":"EntryPoint","urlTemplate":"https:\/\/masiasmaquinaria.com\/?s={search_term_string}"},"query-input":{"@type":"PropertyValueSpecification","valueRequired":true,"valueName":"search_term_string"}}],"inLanguage":"es"},{"@type":"Organization","@id":"https:\/\/masiasmaquinaria.com\/#organization","name":"Masias Maquinaria","url":"https:\/\/masiasmaquinaria.com\/","logo":{"@type":"ImageObject","inLanguage":"es","@id":"https:\/\/masiasmaquinaria.com\/#\/schema\/logo\/image\/","url":"https:\/\/masiasmaquinaria.com\/wp-content\/uploads\/logomasias_landing.png","contentUrl":"https:\/\/masiasmaquinaria.com\/wp-content\/uploads\/logomasias_landing.png","width":201,"height":119,"caption":"Masias Maquinaria"},"image":{"@id":"https:\/\/masiasmaquinaria.com\/#\/schema\/logo\/image\/"}}]}},"_links":{"self":[{"href":"https:\/\/masiasmaquinaria.com\/es\/wp-json\/wp\/v2\/pages\/1464","targetHints":{"allow":["GET"]}}],"collection":[{"href":"https:\/\/masiasmaquinaria.com\/es\/wp-json\/wp\/v2\/pages"}],"about":[{"href":"https:\/\/masiasmaquinaria.com\/es\/wp-json\/wp\/v2\/types\/page"}],"author":[{"embeddable":true,"href":"https:\/\/masiasmaquinaria.com\/es\/wp-json\/wp\/v2\/users\/2"}],"replies":[{"embeddable":true,"href":"https:\/\/masiasmaquinaria.com\/es\/wp-json\/wp\/v2\/comments?post=1464"}],"version-history":[{"count":0,"href":"https:\/\/masiasmaquinaria.com\/es\/wp-json\/wp\/v2\/pages\/1464\/revisions"}],"wp:attachment":[{"href":"https:\/\/masiasmaquinaria.com\/es\/wp-json\/wp\/v2\/media?parent=1464"}],"curies":[{"name":"wp","href":"https:\/\/api.w.org\/{rel}","templated":true}]}}